{"id":7856,"date":"2020-12-12T14:57:35","date_gmt":"2020-12-12T13:57:35","guid":{"rendered":"https:\/\/www.barbiertom.be\/?post_type=product&#038;p=7856"},"modified":"2025-12-09T14:24:34","modified_gmt":"2025-12-09T13:24:34","slug":"cadeaubox-mr-bear-woodland","status":"publish","type":"product","link":"https:\/\/www.barbiertom.be\/fr\/produit\/cadeaubox-mr-bear-woodland\/","title":{"rendered":"COFFRET CADEAU MR BEAR WOODLAND"},"content":{"rendered":"<p>Baume \u00e0 barbe:<\/p>\n<p>Barbe Brew:<\/p>\n<p>Lavage de barbe:<\/p>\n<p>Fabriqu\u00e9 uniquement \u00e0 partir d&#039;huiles naturelles, comme l&#039;huile d&#039;argan et de jojoba et le beurre de karit\u00e9, qui adoucissent et hydratent la barbe et la peau. Parfait pour le style quotidien de votre barbe. Il soulage les rougeurs, les irritations et la peau s\u00e8che et lui donne un toucher plus luxuriant. Combinez le baume \u00e0 barbe avec Mr. Bear Family Beard Brews et donnez \u00e0 votre barbe un \u00e9clat d&#039;excellence.<\/p>\n<p><b>Des bois<\/b>\u00a0a un parfum d\u00e9licieux d&#039;une for\u00eat de pins d&#039;\u00e9t\u00e9 fra\u00eeche.<\/p>\n<p>Livr\u00e9 dans un magnifique coffret cadeau noir.<\/p>\n<div id=\"ConnectiveDocSignExtentionInstalled\" data-extension-version=\"1.0.4\"><\/div>\n<div id=\"ConnectiveDocSignExtentionInstalled\" data-extension-version=\"1.0.4\"><\/div>\n<div id=\"ConnectiveDocSignExtentionInstalled\" data-extension-version=\"1.0.4\"><\/div>\n<div id=\"ConnectiveDocSignExtentionInstalled\" data-extension-version=\"1.0.4\"><\/div>\n<div id=\"ConnectiveDocSignExtentionInstalled\" data-extension-version=\"1.0.4\"><\/div>\n<div id=\"ConnectiveDocSignExtentionInstalled\" data-extension-version=\"1.0.4\"><\/div>\n<div id=\"ConnectiveDocSignExtentionInstalled\" data-extension-version=\"1.0.4\"><\/div>\n<div id=\"ConnectiveDocSignExtentionInstalled\" data-extension-version=\"1.0.4\"><\/div>\n<div id=\"ConnectiveDocSignExtentionInstalled\" data-extension-version=\"1.0.4\"><\/div>\n<div id=\"ConnectiveDocSignExtentionInstalled\" data-extension-version=\"1.0.4\"><\/div>","protected":false},"excerpt":{"rendered":"<p>Coffret cadeau Mr Bear Woodland<\/p>\n<div id=\"ConnectiveDocSignExtentionInstalled\" data-extension-version=\"1.0.4\"><\/div>\n<div id=\"ConnectiveDocSignExtentionInstalled\" data-extension-version=\"1.0.4\"><\/div>\n<div id=\"ConnectiveDocSignExtentionInstalled\" data-extension-version=\"1.0.4\"><\/div>\n<div id=\"ConnectiveDocSignExtentionInstalled\" data-extension-version=\"1.0.4\"><\/div>\n<div id=\"ConnectiveDocSignExtentionInstalled\" data-extension-version=\"1.0.4\"><\/div>\n<div id=\"ConnectiveDocSignExtentionInstalled\" data-extension-version=\"1.0.4\"><\/div>\n<div id=\"ConnectiveDocSignExtentionInstalled\" data-extension-version=\"1.0.4\"><\/div>\n<div id=\"ConnectiveDocSignExtentionInstalled\" data-extension-version=\"1.0.4\"><\/div>\n<div id=\"ConnectiveDocSignExtentionInstalled\" data-extension-version=\"1.0.4\"><\/div>\n<div id=\"ConnectiveDocSignExtentionInstalled\" data-extension-version=\"1.0.4\"><\/div>","protected":false},"featured_media":7857,"template":"","meta":{"_exactmetrics_skip_tracking":false,"_exactmetrics_sitenote_active":false,"_exactmetrics_sitenote_note":"","_exactmetrics_sitenote_category":0},"product_brand":[],"product_cat":[344,302,303,306],"product_tag":[320,321,345,325],"class_list":{"0":"post-7856","1":"product","2":"type-product","3":"status-publish","4":"has-post-thumbnail","6":"product_cat-cadeaubox","7":"product_cat-beard-care","8":"product_cat-mustache-care","9":"product_cat-gift-sets","10":"product_tag-balms","11":"product_tag-beards","12":"product_tag-cadeaubox","13":"product_tag-hair","14":"has-thumb","16":"first","17":"instock","18":"shipping-taxable","19":"purchasable","20":"product-type-simple"},"aioseo_notices":[],"_links":{"self":[{"href":"https:\/\/www.barbiertom.be\/fr\/wp-json\/wp\/v2\/product\/7856","targetHints":{"allow":["GET"]}}],"collection":[{"href":"https:\/\/www.barbiertom.be\/fr\/wp-json\/wp\/v2\/product"}],"about":[{"href":"https:\/\/www.barbiertom.be\/fr\/wp-json\/wp\/v2\/types\/product"}],"version-history":[{"count":1,"href":"https:\/\/www.barbiertom.be\/fr\/wp-json\/wp\/v2\/product\/7856\/revisions"}],"predecessor-version":[{"id":19311,"href":"https:\/\/www.barbiertom.be\/fr\/wp-json\/wp\/v2\/product\/7856\/revisions\/19311"}],"wp:featuredmedia":[{"embeddable":true,"href":"https:\/\/www.barbiertom.be\/fr\/wp-json\/wp\/v2\/media\/7857"}],"wp:attachment":[{"href":"https:\/\/www.barbiertom.be\/fr\/wp-json\/wp\/v2\/media?parent=7856"}],"wp:term":[{"taxonomy":"product_brand","embeddable":true,"href":"https:\/\/www.barbiertom.be\/fr\/wp-json\/wp\/v2\/product_brand?post=7856"},{"taxonomy":"product_cat","embeddable":true,"href":"https:\/\/www.barbiertom.be\/fr\/wp-json\/wp\/v2\/product_cat?post=7856"},{"taxonomy":"product_tag","embeddable":true,"href":"https:\/\/www.barbiertom.be\/fr\/wp-json\/wp\/v2\/product_tag?post=7856"}],"curies":[{"name":"wp","href":"https:\/\/api.w.org\/{rel}","templated":true}]}}