{"id":7853,"date":"2020-12-12T14:40:47","date_gmt":"2020-12-12T13:40:47","guid":{"rendered":"https:\/\/www.barbiertom.be\/?post_type=product&#038;p=7853"},"modified":"2025-12-09T14:24:47","modified_gmt":"2025-12-09T13:24:47","slug":"cadeaubox-mr-bear-wilderness","status":"publish","type":"product","link":"https:\/\/www.barbiertom.be\/fr\/produit\/cadeaubox-mr-bear-wilderness\/","title":{"rendered":"BO\u00ceTE CADEAU MR BEAR WILDERNESS"},"content":{"rendered":"<p>Baume \u00e0 barbe:<\/p>\n<p>Barbe Brew:<\/p>\n<p>Lavage de barbe:<\/p>\n<p>Fabriqu\u00e9 uniquement \u00e0 partir d&#039;huiles naturelles, comme l&#039;huile d&#039;argan et de jojoba et le beurre de karit\u00e9, qui adoucissent et hydratent la barbe et la peau. Parfait pour le style quotidien de votre barbe. Il soulage les rougeurs, les irritations et la peau s\u00e8che et lui donne un toucher plus luxuriant. Combinez le baume \u00e0 barbe avec Mr. Bear Family Beard Brews et donnez \u00e0 votre barbe un \u00e9clat d&#039;excellence.<\/p>\n<p>a un d\u00e9licieux parfum de collines verdoyantes, de lavande et de bois.<\/p>\n<p>Livr\u00e9 dans un magnifique coffret cadeau noir.<\/p>\n<div id=\"ConnectiveDocSignExtentionInstalled\" data-extension-version=\"1.0.4\"><\/div>\n<div id=\"ConnectiveDocSignExtentionInstalled\" data-extension-version=\"1.0.4\"><\/div>\n<div id=\"ConnectiveDocSignExtentionInstalled\" data-extension-version=\"1.0.4\"><\/div>\n<div id=\"ConnectiveDocSignExtentionInstalled\" data-extension-version=\"1.0.4\"><\/div>\n<div id=\"ConnectiveDocSignExtentionInstalled\" data-extension-version=\"1.0.4\"><\/div>\n<div id=\"ConnectiveDocSignExtentionInstalled\" data-extension-version=\"1.0.4\"><\/div>\n<div id=\"ConnectiveDocSignExtentionInstalled\" data-extension-version=\"1.0.4\"><\/div>\n<div id=\"ConnectiveDocSignExtentionInstalled\" data-extension-version=\"1.0.4\"><\/div>","protected":false},"excerpt":{"rendered":"<p>Coffret cadeau Mr Bear Wilderness<\/p>\n<div id=\"ConnectiveDocSignExtentionInstalled\" data-extension-version=\"1.0.4\"><\/div>\n<div id=\"ConnectiveDocSignExtentionInstalled\" data-extension-version=\"1.0.4\"><\/div>\n<div id=\"ConnectiveDocSignExtentionInstalled\" data-extension-version=\"1.0.4\"><\/div>\n<div id=\"ConnectiveDocSignExtentionInstalled\" data-extension-version=\"1.0.4\"><\/div>\n<div id=\"ConnectiveDocSignExtentionInstalled\" data-extension-version=\"1.0.4\"><\/div>\n<div id=\"ConnectiveDocSignExtentionInstalled\" data-extension-version=\"1.0.4\"><\/div>\n<div id=\"ConnectiveDocSignExtentionInstalled\" data-extension-version=\"1.0.4\"><\/div>\n<div id=\"ConnectiveDocSignExtentionInstalled\" data-extension-version=\"1.0.4\"><\/div>","protected":false},"featured_media":7854,"template":"","meta":{"_exactmetrics_skip_tracking":false,"_exactmetrics_sitenote_active":false,"_exactmetrics_sitenote_note":"","_exactmetrics_sitenote_category":0},"product_brand":[],"product_cat":[344,302,303,306],"product_tag":[320,321,345,325],"class_list":{"0":"post-7853","1":"product","2":"type-product","3":"status-publish","4":"has-post-thumbnail","6":"product_cat-cadeaubox","7":"product_cat-beard-care","8":"product_cat-mustache-care","9":"product_cat-gift-sets","10":"product_tag-balms","11":"product_tag-beards","12":"product_tag-cadeaubox","13":"product_tag-hair","14":"has-thumb","16":"first","17":"instock","18":"shipping-taxable","19":"purchasable","20":"product-type-simple"},"aioseo_notices":[],"_links":{"self":[{"href":"https:\/\/www.barbiertom.be\/fr\/wp-json\/wp\/v2\/product\/7853","targetHints":{"allow":["GET"]}}],"collection":[{"href":"https:\/\/www.barbiertom.be\/fr\/wp-json\/wp\/v2\/product"}],"about":[{"href":"https:\/\/www.barbiertom.be\/fr\/wp-json\/wp\/v2\/types\/product"}],"version-history":[{"count":1,"href":"https:\/\/www.barbiertom.be\/fr\/wp-json\/wp\/v2\/product\/7853\/revisions"}],"predecessor-version":[{"id":19312,"href":"https:\/\/www.barbiertom.be\/fr\/wp-json\/wp\/v2\/product\/7853\/revisions\/19312"}],"wp:featuredmedia":[{"embeddable":true,"href":"https:\/\/www.barbiertom.be\/fr\/wp-json\/wp\/v2\/media\/7854"}],"wp:attachment":[{"href":"https:\/\/www.barbiertom.be\/fr\/wp-json\/wp\/v2\/media?parent=7853"}],"wp:term":[{"taxonomy":"product_brand","embeddable":true,"href":"https:\/\/www.barbiertom.be\/fr\/wp-json\/wp\/v2\/product_brand?post=7853"},{"taxonomy":"product_cat","embeddable":true,"href":"https:\/\/www.barbiertom.be\/fr\/wp-json\/wp\/v2\/product_cat?post=7853"},{"taxonomy":"product_tag","embeddable":true,"href":"https:\/\/www.barbiertom.be\/fr\/wp-json\/wp\/v2\/product_tag?post=7853"}],"curies":[{"name":"wp","href":"https:\/\/api.w.org\/{rel}","templated":true}]}}