{"id":7850,"date":"2020-12-12T14:32:54","date_gmt":"2020-12-12T13:32:54","guid":{"rendered":"https:\/\/www.barbiertom.be\/?post_type=product&#038;p=7850"},"modified":"2025-12-09T14:25:10","modified_gmt":"2025-12-09T13:25:10","slug":"cadeaubox-uppercut-deluxe","status":"publish","type":"product","link":"https:\/\/www.barbiertom.be\/fr\/produit\/cadeaubox-uppercut-deluxe\/","title":{"rendered":"COFFRET CADEAU UPPERCUT DELUXE"},"content":{"rendered":"<div data-extension-version=\"1.0.4\"><\/div>\n<div data-extension-version=\"1.0.4\">\n<p>Perfectionnez votre style avec le duo Deluxe Pomade + Salt Spray.<\/p>\n<p>Salt Spray est un produit liquide en apesanteur qui donne un contr\u00f4le l\u00e9ger pour une tenue d\u00e9tendue et textur\u00e9e tout en maintenant un fini naturel. Emball\u00e9 dans un style de peinture en a\u00e9rosol, hochet et tout. Utiliser individuellement sur cheveux secs pour cr\u00e9er une finition d\u00e9contract\u00e9e ou encore, appliquer sur cheveux humides pour agir comme appr\u00eat de pr\u00e9-coiffage pour plus de volume et un contr\u00f4le accru lors du brushing.<\/p>\n<p>Deluxe Pomade a \u00e9t\u00e9 con\u00e7u pour l&#039;homme exigeant qui a un style particulier \u00e0 l&#039;esprit. Parfait pour les looks classiques et intemporels - tels que les pompadours hauts, les parties lat\u00e9rales et les dos lisses. Avec une forte tenue qui fixe et juste la bonne quantit\u00e9 de brillance qui ne s\u00e8che pas, cette pommade a tout pour plaire. Le meilleur atout - il se lave sans probl\u00e8me. Un toilettage intemporel rendu facile.<\/p>\n<p>Contient:<\/p>\n<ul>\n<li>1 x 100 gr de pommade de luxe<\/li>\n<li>1 x 150 ml de brouillard salin<\/li>\n<\/ul>\n<\/div>\n<div id=\"ConnectiveDocSignExtentionInstalled\" data-extension-version=\"1.0.4\"><\/div>\n<div id=\"ConnectiveDocSignExtentionInstalled\" data-extension-version=\"1.0.4\"><\/div>\n<div id=\"ConnectiveDocSignExtentionInstalled\" data-extension-version=\"1.0.4\"><\/div>\n<div id=\"ConnectiveDocSignExtentionInstalled\" data-extension-version=\"1.0.4\"><\/div>\n<div id=\"ConnectiveDocSignExtentionInstalled\" data-extension-version=\"1.0.4\"><\/div>\n<div id=\"ConnectiveDocSignExtentionInstalled\" data-extension-version=\"1.0.4\"><\/div>\n<div id=\"ConnectiveDocSignExtentionInstalled\" data-extension-version=\"1.0.4\"><\/div>\n<div id=\"ConnectiveDocSignExtentionInstalled\" data-extension-version=\"1.0.4\"><\/div>\n<div id=\"ConnectiveDocSignExtentionInstalled\" data-extension-version=\"1.0.4\"><\/div>\n<div id=\"ConnectiveDocSignExtentionInstalled\" data-extension-version=\"1.0.4\"><\/div>\n<div id=\"ConnectiveDocSignExtentionInstalled\" data-extension-version=\"1.0.4\"><\/div>","protected":false},"excerpt":{"rendered":"<p>Coffret cadeau Coffret luxe Uppercut<\/p>\n<div id=\"ConnectiveDocSignExtentionInstalled\" data-extension-version=\"1.0.4\"><\/div>\n<div id=\"ConnectiveDocSignExtentionInstalled\" data-extension-version=\"1.0.4\"><\/div>\n<div id=\"ConnectiveDocSignExtentionInstalled\" data-extension-version=\"1.0.4\"><\/div>\n<div id=\"ConnectiveDocSignExtentionInstalled\" data-extension-version=\"1.0.4\"><\/div>\n<div id=\"ConnectiveDocSignExtentionInstalled\" data-extension-version=\"1.0.4\"><\/div>\n<div id=\"ConnectiveDocSignExtentionInstalled\" data-extension-version=\"1.0.4\"><\/div>\n<div id=\"ConnectiveDocSignExtentionInstalled\" data-extension-version=\"1.0.4\"><\/div>\n<div id=\"ConnectiveDocSignExtentionInstalled\" data-extension-version=\"1.0.4\"><\/div>\n<div id=\"ConnectiveDocSignExtentionInstalled\" data-extension-version=\"1.0.4\"><\/div>\n<div id=\"ConnectiveDocSignExtentionInstalled\" data-extension-version=\"1.0.4\"><\/div>\n<div id=\"ConnectiveDocSignExtentionInstalled\" data-extension-version=\"1.0.4\"><\/div>","protected":false},"featured_media":7851,"template":"","meta":{"_exactmetrics_skip_tracking":false,"_exactmetrics_sitenote_active":false,"_exactmetrics_sitenote_note":"","_exactmetrics_sitenote_category":0},"product_brand":[],"product_cat":[344,301,306],"product_tag":[320,321,345,325],"class_list":{"0":"post-7850","1":"product","2":"type-product","3":"status-publish","4":"has-post-thumbnail","6":"product_cat-cadeaubox","7":"product_cat-hair-care","8":"product_cat-gift-sets","9":"product_tag-balms","10":"product_tag-beards","11":"product_tag-cadeaubox","12":"product_tag-hair","13":"has-thumb","15":"first","16":"instock","17":"shipping-taxable","18":"purchasable","19":"product-type-simple"},"aioseo_notices":[],"_links":{"self":[{"href":"https:\/\/www.barbiertom.be\/fr\/wp-json\/wp\/v2\/product\/7850","targetHints":{"allow":["GET"]}}],"collection":[{"href":"https:\/\/www.barbiertom.be\/fr\/wp-json\/wp\/v2\/product"}],"about":[{"href":"https:\/\/www.barbiertom.be\/fr\/wp-json\/wp\/v2\/types\/product"}],"version-history":[{"count":1,"href":"https:\/\/www.barbiertom.be\/fr\/wp-json\/wp\/v2\/product\/7850\/revisions"}],"predecessor-version":[{"id":19309,"href":"https:\/\/www.barbiertom.be\/fr\/wp-json\/wp\/v2\/product\/7850\/revisions\/19309"}],"wp:featuredmedia":[{"embeddable":true,"href":"https:\/\/www.barbiertom.be\/fr\/wp-json\/wp\/v2\/media\/7851"}],"wp:attachment":[{"href":"https:\/\/www.barbiertom.be\/fr\/wp-json\/wp\/v2\/media?parent=7850"}],"wp:term":[{"taxonomy":"product_brand","embeddable":true,"href":"https:\/\/www.barbiertom.be\/fr\/wp-json\/wp\/v2\/product_brand?post=7850"},{"taxonomy":"product_cat","embeddable":true,"href":"https:\/\/www.barbiertom.be\/fr\/wp-json\/wp\/v2\/product_cat?post=7850"},{"taxonomy":"product_tag","embeddable":true,"href":"https:\/\/www.barbiertom.be\/fr\/wp-json\/wp\/v2\/product_tag?post=7850"}],"curies":[{"name":"wp","href":"https:\/\/api.w.org\/{rel}","templated":true}]}}