{"id":7464,"date":"2020-04-17T20:16:30","date_gmt":"2020-04-17T19:16:30","guid":{"rendered":"https:\/\/www.barbiertom.be\/?post_type=product&#038;p=7464"},"modified":"2026-03-02T21:38:02","modified_gmt":"2026-03-02T20:38:02","slug":"uppercut-styling-powder-2","status":"publish","type":"product","link":"https:\/\/www.barbiertom.be\/fr\/produit\/uppercut-styling-powder-2\/","title":{"rendered":"Argile mate Uppercut"},"content":{"rendered":"<p style=\"font-weight: 400\">Matte Clay a \u00e9t\u00e9 con\u00e7u pour les gars en fuite qui aiment retravailler leur style tout au long de la journ\u00e9e.<\/p>\n<p style=\"font-weight: 400\">L&#039;argile saisit et fa\u00e7onne sans effort n&#039;importe quel style avec une finition s\u00e8che.<\/p>\n<p style=\"font-weight: 400\">L&#039;argile mate est mieux utilis\u00e9e pour cr\u00e9er des looks textur\u00e9s plus courts o\u00f9 le contr\u00f4le est n\u00e9cessaire.<\/p>\n<p style=\"font-weight: 400\">\u00c9tant un produit \u00e0 base de cire, Matte Clay est compl\u00e8tement retravaillable et ne sortira pas avec de l&#039;eau, ce qui le rend parfait pour les hommes actifs.<\/p>","protected":false},"excerpt":{"rendered":"<p style=\"font-weight: 400\">Matte Clay a \u00e9t\u00e9 con\u00e7u pour les gars en fuite qui aiment retravailler leur style tout au long de la journ\u00e9e.<\/p>\n<p style=\"font-weight: 400\">L&#039;argile saisit et fa\u00e7onne sans effort n&#039;importe quel style avec une finition s\u00e8che.<\/p>\n<p style=\"font-weight: 400\">L&#039;argile mate est mieux utilis\u00e9e pour cr\u00e9er des looks textur\u00e9s plus courts o\u00f9 le contr\u00f4le est n\u00e9cessaire.<\/p>\n<p style=\"font-weight: 400\">\u00c9tant un produit \u00e0 base de cire, Matte Clay est compl\u00e8tement retravaillable et ne sortira pas avec de l&#039;eau, ce qui le rend parfait pour les hommes actifs.<\/p>","protected":false},"featured_media":7465,"template":"","meta":{"_exactmetrics_skip_tracking":false,"_exactmetrics_sitenote_active":false,"_exactmetrics_sitenote_note":"","_exactmetrics_sitenote_category":0},"product_brand":[],"product_cat":[301],"product_tag":[320,321,325],"class_list":{"0":"post-7464","1":"product","2":"type-product","3":"status-publish","4":"has-post-thumbnail","6":"product_cat-hair-care","7":"product_tag-balms","8":"product_tag-beards","9":"product_tag-hair","10":"has-thumb","12":"first","13":"onbackorder","14":"featured","15":"shipping-taxable","16":"purchasable","17":"product-type-simple"},"aioseo_notices":[],"_links":{"self":[{"href":"https:\/\/www.barbiertom.be\/fr\/wp-json\/wp\/v2\/product\/7464","targetHints":{"allow":["GET"]}}],"collection":[{"href":"https:\/\/www.barbiertom.be\/fr\/wp-json\/wp\/v2\/product"}],"about":[{"href":"https:\/\/www.barbiertom.be\/fr\/wp-json\/wp\/v2\/types\/product"}],"version-history":[{"count":1,"href":"https:\/\/www.barbiertom.be\/fr\/wp-json\/wp\/v2\/product\/7464\/revisions"}],"predecessor-version":[{"id":19318,"href":"https:\/\/www.barbiertom.be\/fr\/wp-json\/wp\/v2\/product\/7464\/revisions\/19318"}],"wp:featuredmedia":[{"embeddable":true,"href":"https:\/\/www.barbiertom.be\/fr\/wp-json\/wp\/v2\/media\/7465"}],"wp:attachment":[{"href":"https:\/\/www.barbiertom.be\/fr\/wp-json\/wp\/v2\/media?parent=7464"}],"wp:term":[{"taxonomy":"product_brand","embeddable":true,"href":"https:\/\/www.barbiertom.be\/fr\/wp-json\/wp\/v2\/product_brand?post=7464"},{"taxonomy":"product_cat","embeddable":true,"href":"https:\/\/www.barbiertom.be\/fr\/wp-json\/wp\/v2\/product_cat?post=7464"},{"taxonomy":"product_tag","embeddable":true,"href":"https:\/\/www.barbiertom.be\/fr\/wp-json\/wp\/v2\/product_tag?post=7464"}],"curies":[{"name":"wp","href":"https:\/\/api.w.org\/{rel}","templated":true}]}}