{"id":7458,"date":"2020-04-17T20:12:53","date_gmt":"2020-04-17T19:12:53","guid":{"rendered":"https:\/\/www.barbiertom.be\/?post_type=product&#038;p=7458"},"modified":"2025-12-09T14:33:33","modified_gmt":"2025-12-09T13:33:33","slug":"layrite-concentrated-beard-oil","status":"publish","type":"product","link":"https:\/\/www.barbiertom.be\/fr\/produit\/layrite-concentrated-beard-oil\/","title":{"rendered":"Huile \u00e0 barbe concentr\u00e9e Layrite"},"content":{"rendered":"<p data-children-count=\"0\">En ce qui concerne l&#039;efficacit\u00e9 de l&#039;huile \u00e0 barbe, la cl\u00e9 est la distribution. Nous avons cr\u00e9\u00e9 un revitalisant pour la barbe et la peau r\u00e9volutionnaire, plus \u00e9pais, plus facile \u00e0 appliquer, moins bois\u00e9 et moins gras, appel\u00e9 Layrite Concentrated Beard Oil. Formul\u00e9 de mani\u00e8re experte par les barbiers, sa consistance plus \u00e9paisse facilite l&#039;hydratation des cheveux et de la peau, laissant votre barbe plus douce, plus saine et bien entretenue.<\/p>","protected":false},"excerpt":{"rendered":"<p data-children-count=\"0\">En ce qui concerne l&#039;efficacit\u00e9 de l&#039;huile \u00e0 barbe, la cl\u00e9 est la distribution. Nous avons cr\u00e9\u00e9 un revitalisant pour la barbe et la peau r\u00e9volutionnaire, plus \u00e9pais, plus facile \u00e0 appliquer, moins bois\u00e9 et moins gras, appel\u00e9 Layrite Concentrated Beard Oil. Formul\u00e9 de mani\u00e8re experte par les barbiers, sa consistance plus \u00e9paisse facilite l&#039;hydratation des cheveux et de la peau, laissant votre barbe plus douce, plus saine et bien entretenue.<\/p>","protected":false},"featured_media":7459,"template":"","meta":{"_exactmetrics_skip_tracking":false,"_exactmetrics_sitenote_active":false,"_exactmetrics_sitenote_note":"","_exactmetrics_sitenote_category":0},"product_brand":[],"product_cat":[302],"product_tag":[320,321,325],"class_list":{"0":"post-7458","1":"product","2":"type-product","3":"status-publish","4":"has-post-thumbnail","6":"product_cat-beard-care","7":"product_tag-balms","8":"product_tag-beards","9":"product_tag-hair","10":"has-thumb","12":"first","13":"instock","14":"featured","15":"shipping-taxable","16":"purchasable","17":"product-type-simple"},"aioseo_notices":[],"_links":{"self":[{"href":"https:\/\/www.barbiertom.be\/fr\/wp-json\/wp\/v2\/product\/7458","targetHints":{"allow":["GET"]}}],"collection":[{"href":"https:\/\/www.barbiertom.be\/fr\/wp-json\/wp\/v2\/product"}],"about":[{"href":"https:\/\/www.barbiertom.be\/fr\/wp-json\/wp\/v2\/types\/product"}],"version-history":[{"count":1,"href":"https:\/\/www.barbiertom.be\/fr\/wp-json\/wp\/v2\/product\/7458\/revisions"}],"predecessor-version":[{"id":19322,"href":"https:\/\/www.barbiertom.be\/fr\/wp-json\/wp\/v2\/product\/7458\/revisions\/19322"}],"wp:featuredmedia":[{"embeddable":true,"href":"https:\/\/www.barbiertom.be\/fr\/wp-json\/wp\/v2\/media\/7459"}],"wp:attachment":[{"href":"https:\/\/www.barbiertom.be\/fr\/wp-json\/wp\/v2\/media?parent=7458"}],"wp:term":[{"taxonomy":"product_brand","embeddable":true,"href":"https:\/\/www.barbiertom.be\/fr\/wp-json\/wp\/v2\/product_brand?post=7458"},{"taxonomy":"product_cat","embeddable":true,"href":"https:\/\/www.barbiertom.be\/fr\/wp-json\/wp\/v2\/product_cat?post=7458"},{"taxonomy":"product_tag","embeddable":true,"href":"https:\/\/www.barbiertom.be\/fr\/wp-json\/wp\/v2\/product_tag?post=7458"}],"curies":[{"name":"wp","href":"https:\/\/api.w.org\/{rel}","templated":true}]}}