{"id":7455,"date":"2020-04-17T20:10:16","date_gmt":"2020-04-17T19:10:16","guid":{"rendered":"https:\/\/www.barbiertom.be\/?post_type=product&#038;p=7455"},"modified":"2025-12-09T14:32:17","modified_gmt":"2025-12-09T13:32:17","slug":"reuzel-blue-w-b-strong-hold-pig","status":"publish","type":"product","link":"https:\/\/www.barbiertom.be\/fr\/produit\/reuzel-blue-w-b-strong-hold-pig\/","title":{"rendered":"Reuzel Blue W \/ B Strong Hold Cochon"},"content":{"rendered":"<p data-children-count=\"0\">Vous avez le blues? Ce n&#039;est pas de notre faute. Ouvrez la bo\u00eete. \u00c7a ne sent pas bon? La pommade bleue de Reuzel est parfaitement m\u00e9lang\u00e9e avec un parfum subtil de vanille chaude. Utilisez-le pour cr\u00e9er des pompadours exag\u00e9r\u00e9s ou pour apprivoiser les cheveux les plus indisciplin\u00e9s.<\/p>\n<p data-children-count=\"0\">Egalement disponible en 35 grammes et 340 grammes.<\/p>\n<p data-children-count=\"0\">TENUE FORTE - BRILLANCE \u00c9LEV\u00c9E - HYDROSOLUBLE<\/p>\n<ul data-children-count=\"0\">\n<li>Tient comme un lourd, mais se rince comme un gel<\/li>\n<li>Les huiles naturelles cr\u00e9ent un look raffin\u00e9 pour tous les styles<\/li>\n<li>Odeur de bois de vanille apaisante<\/li>\n<\/ul>\n<p>.<\/p>","protected":false},"excerpt":{"rendered":"<p data-children-count=\"0\">Vous avez le blues? Ce n&#039;est pas de notre faute. Ouvrez la bo\u00eete. \u00c7a ne sent pas bon? La pommade bleue de Reuzel est parfaitement m\u00e9lang\u00e9e avec un parfum subtil de vanille chaude. Utilisez-le pour cr\u00e9er des pompadours exag\u00e9r\u00e9s ou pour apprivoiser les cheveux les plus indisciplin\u00e9s.<\/p>","protected":false},"featured_media":7456,"template":"","meta":{"_exactmetrics_skip_tracking":false,"_exactmetrics_sitenote_active":false,"_exactmetrics_sitenote_note":"","_exactmetrics_sitenote_category":0},"product_brand":[],"product_cat":[301],"product_tag":[320,321,325],"class_list":{"0":"post-7455","1":"product","2":"type-product","3":"status-publish","4":"has-post-thumbnail","6":"product_cat-hair-care","7":"product_tag-balms","8":"product_tag-beards","9":"product_tag-hair","10":"has-thumb","12":"first","13":"outofstock","14":"featured","15":"shipping-taxable","16":"purchasable","17":"product-type-simple"},"aioseo_notices":[],"_links":{"self":[{"href":"https:\/\/www.barbiertom.be\/fr\/wp-json\/wp\/v2\/product\/7455","targetHints":{"allow":["GET"]}}],"collection":[{"href":"https:\/\/www.barbiertom.be\/fr\/wp-json\/wp\/v2\/product"}],"about":[{"href":"https:\/\/www.barbiertom.be\/fr\/wp-json\/wp\/v2\/types\/product"}],"version-history":[{"count":1,"href":"https:\/\/www.barbiertom.be\/fr\/wp-json\/wp\/v2\/product\/7455\/revisions"}],"predecessor-version":[{"id":19320,"href":"https:\/\/www.barbiertom.be\/fr\/wp-json\/wp\/v2\/product\/7455\/revisions\/19320"}],"wp:featuredmedia":[{"embeddable":true,"href":"https:\/\/www.barbiertom.be\/fr\/wp-json\/wp\/v2\/media\/7456"}],"wp:attachment":[{"href":"https:\/\/www.barbiertom.be\/fr\/wp-json\/wp\/v2\/media?parent=7455"}],"wp:term":[{"taxonomy":"product_brand","embeddable":true,"href":"https:\/\/www.barbiertom.be\/fr\/wp-json\/wp\/v2\/product_brand?post=7455"},{"taxonomy":"product_cat","embeddable":true,"href":"https:\/\/www.barbiertom.be\/fr\/wp-json\/wp\/v2\/product_cat?post=7455"},{"taxonomy":"product_tag","embeddable":true,"href":"https:\/\/www.barbiertom.be\/fr\/wp-json\/wp\/v2\/product_tag?post=7455"}],"curies":[{"name":"wp","href":"https:\/\/api.w.org\/{rel}","templated":true}]}}