{"id":7452,"date":"2020-04-17T20:08:56","date_gmt":"2020-04-17T19:08:56","guid":{"rendered":"https:\/\/www.barbiertom.be\/?post_type=product&#038;p=7452"},"modified":"2025-12-09T14:32:27","modified_gmt":"2025-12-09T13:32:27","slug":"reuzel-fiber-gel","status":"publish","type":"product","link":"https:\/\/www.barbiertom.be\/fr\/produit\/reuzel-fiber-gel\/","title":{"rendered":"Gel de fibre de saindoux"},"content":{"rendered":"<p data-children-count=\"0\">Vous pr\u00e9f\u00e9rez un gel? Nous avons ce qu&#039;il vous faut. Reuzel Fiber Gel est \u00e9pais, mais glisse dans les cheveux pour vous donner une tenue ferme et souple aussi longtemps que vous le d\u00e9sirez. Mais il est soluble dans l&#039;eau, il est donc facile de le laver.<\/p>\n<p data-children-count=\"0\">FERME, SOUPLE - FAIBLE BRILLANCE - SOLUBLE DANS L&#039;EAU<\/p>\n<ul data-children-count=\"0\">\n<li>Formule non collante et sans flocons<\/li>\n<li>T4 Tonic Blend et compos\u00e9s de copolym\u00e8res<\/li>\n<li>Contient un parfum de rhum<\/li>\n<\/ul>","protected":false},"excerpt":{"rendered":"<p data-children-count=\"0\">Vous pr\u00e9f\u00e9rez un gel? Nous avons ce qu&#039;il vous faut. Reuzel Fiber Gel est \u00e9pais, mais glisse dans les cheveux pour vous donner une tenue ferme et souple aussi longtemps que vous le d\u00e9sirez. Mais il est soluble dans l&#039;eau, il est donc facile de le laver.<\/p>","protected":false},"featured_media":7453,"template":"","meta":{"_exactmetrics_skip_tracking":false,"_exactmetrics_sitenote_active":false,"_exactmetrics_sitenote_note":"","_exactmetrics_sitenote_category":0},"product_brand":[],"product_cat":[301],"product_tag":[320,321,325],"class_list":{"0":"post-7452","1":"product","2":"type-product","3":"status-publish","4":"has-post-thumbnail","6":"product_cat-hair-care","7":"product_tag-balms","8":"product_tag-beards","9":"product_tag-hair","10":"has-thumb","12":"first","13":"outofstock","14":"featured","15":"shipping-taxable","16":"purchasable","17":"product-type-simple"},"aioseo_notices":[],"_links":{"self":[{"href":"https:\/\/www.barbiertom.be\/fr\/wp-json\/wp\/v2\/product\/7452","targetHints":{"allow":["GET"]}}],"collection":[{"href":"https:\/\/www.barbiertom.be\/fr\/wp-json\/wp\/v2\/product"}],"about":[{"href":"https:\/\/www.barbiertom.be\/fr\/wp-json\/wp\/v2\/types\/product"}],"version-history":[{"count":1,"href":"https:\/\/www.barbiertom.be\/fr\/wp-json\/wp\/v2\/product\/7452\/revisions"}],"predecessor-version":[{"id":19321,"href":"https:\/\/www.barbiertom.be\/fr\/wp-json\/wp\/v2\/product\/7452\/revisions\/19321"}],"wp:featuredmedia":[{"embeddable":true,"href":"https:\/\/www.barbiertom.be\/fr\/wp-json\/wp\/v2\/media\/7453"}],"wp:attachment":[{"href":"https:\/\/www.barbiertom.be\/fr\/wp-json\/wp\/v2\/media?parent=7452"}],"wp:term":[{"taxonomy":"product_brand","embeddable":true,"href":"https:\/\/www.barbiertom.be\/fr\/wp-json\/wp\/v2\/product_brand?post=7452"},{"taxonomy":"product_cat","embeddable":true,"href":"https:\/\/www.barbiertom.be\/fr\/wp-json\/wp\/v2\/product_cat?post=7452"},{"taxonomy":"product_tag","embeddable":true,"href":"https:\/\/www.barbiertom.be\/fr\/wp-json\/wp\/v2\/product_tag?post=7452"}],"curies":[{"name":"wp","href":"https:\/\/api.w.org\/{rel}","templated":true}]}}