{"id":7437,"date":"2020-04-17T19:59:35","date_gmt":"2020-04-17T18:59:35","guid":{"rendered":"https:\/\/www.barbiertom.be\/?post_type=product&#038;p=7437"},"modified":"2024-12-16T11:33:20","modified_gmt":"2024-12-16T10:33:20","slug":"reuzel-after-shave","status":"publish","type":"product","link":"https:\/\/www.barbiertom.be\/fr\/produit\/reuzel-after-shave\/","title":{"rendered":"Lard apr\u00e8s rasage"},"content":{"rendered":"<p data-children-count=\"0\">Appliquez un peu d&#039;Aftershave Reuzel apr\u00e8s votre rasage. Notre T4 Tonic Blend se met imm\u00e9diatement au travail tonifiant et hydratant.<\/p>\n<p>Disponible en deux parfums:<\/p>\n<p>Original a un parfum de bois profond et masculin tr\u00e8s l\u00e9ger. N&#039;interf\u00e9rera pas avec votre eau de Cologne ou d&#039;autres parfums.<\/p>\n<p>Wood &amp; Spice a des notes de citron, de bois de c\u00e8dre et de clou de girofle<\/p>\n<p data-children-count=\"0\">\nAPAISRE LA PEAU - PARFUM MASCULIN<\/p>\n<ul data-children-count=\"0\">\n<li>Laisse votre peau fra\u00eeche et lisse<\/li>\n<li>M\u00e9lange T4 Tonic pour nourrir la peau<\/li>\n<\/ul>","protected":false},"excerpt":{"rendered":"<p>Appliquez un peu d&#039;Aftershave Reuzel apr\u00e8s votre rasage. Notre T4 Tonic Blend se met imm\u00e9diatement au travail tonifiant et hydratant.<\/p>","protected":false},"featured_media":7439,"template":"","meta":{"_exactmetrics_skip_tracking":false,"_exactmetrics_sitenote_active":false,"_exactmetrics_sitenote_note":"","_exactmetrics_sitenote_category":0},"product_brand":[],"product_cat":[304],"product_tag":[320,321,325],"class_list":{"0":"post-7437","1":"product","2":"type-product","3":"status-publish","4":"has-post-thumbnail","6":"product_cat-aftershave-care","7":"product_tag-balms","8":"product_tag-beards","9":"product_tag-hair","10":"has-thumb","12":"first","13":"outofstock","14":"shipping-taxable","15":"purchasable","16":"product-type-simple"},"aioseo_notices":[],"_links":{"self":[{"href":"https:\/\/www.barbiertom.be\/fr\/wp-json\/wp\/v2\/product\/7437","targetHints":{"allow":["GET"]}}],"collection":[{"href":"https:\/\/www.barbiertom.be\/fr\/wp-json\/wp\/v2\/product"}],"about":[{"href":"https:\/\/www.barbiertom.be\/fr\/wp-json\/wp\/v2\/types\/product"}],"version-history":[{"count":0,"href":"https:\/\/www.barbiertom.be\/fr\/wp-json\/wp\/v2\/product\/7437\/revisions"}],"wp:featuredmedia":[{"embeddable":true,"href":"https:\/\/www.barbiertom.be\/fr\/wp-json\/wp\/v2\/media\/7439"}],"wp:attachment":[{"href":"https:\/\/www.barbiertom.be\/fr\/wp-json\/wp\/v2\/media?parent=7437"}],"wp:term":[{"taxonomy":"product_brand","embeddable":true,"href":"https:\/\/www.barbiertom.be\/fr\/wp-json\/wp\/v2\/product_brand?post=7437"},{"taxonomy":"product_cat","embeddable":true,"href":"https:\/\/www.barbiertom.be\/fr\/wp-json\/wp\/v2\/product_cat?post=7437"},{"taxonomy":"product_tag","embeddable":true,"href":"https:\/\/www.barbiertom.be\/fr\/wp-json\/wp\/v2\/product_tag?post=7437"}],"curies":[{"name":"wp","href":"https:\/\/api.w.org\/{rel}","templated":true}]}}