{"id":7316,"date":"2020-03-28T10:33:50","date_gmt":"2020-03-28T09:33:50","guid":{"rendered":"https:\/\/www.barbiertom.be\/?post_type=product&#038;p=7316"},"modified":"2025-12-09T14:35:11","modified_gmt":"2025-12-09T13:35:11","slug":"reuzel-beard-balm","status":"publish","type":"product","link":"https:\/\/www.barbiertom.be\/fr\/produit\/reuzel-beard-balm\/","title":{"rendered":"Baume \u00e0 barbe au saindoux"},"content":{"rendered":"<p>Garder une barbe en bonne sant\u00e9 est plus difficile qu&#039;il n&#039;y para\u00eet, messieurs. Le baume \u00e0 barbe Reuzel est juste l&#039;astuce. Massez-le et votre barbe sentira instantan\u00e9ment bon et sera douce. Plus important encore, cet adoucissant \u00e0 barbe aidera votre barbe \u00e0 rester saine \u00e0 la racine, de sorte que vous aurez moins de d\u00e9mangeaisons et de pellicules.<\/p>\n<p>TENUE L\u00c9G\u00c8RE \u2013 FAIBLE BRILLANCE \u2013 HYDRATANT<\/p>\n<ul>\n<li>Adoucit votre barbe et prot\u00e8ge la peau<\/li>\n<li>Cr\u00e9\u00e9 avec du beurre de karit\u00e9 et de l&#039;huile d&#039;argan<\/li>\n<\/ul>","protected":false},"excerpt":{"rendered":"<p>Garder une barbe en bonne sant\u00e9 est plus difficile qu&#039;il n&#039;y para\u00eet, messieurs. Le baume \u00e0 barbe Reuzel est juste l&#039;astuce. Massez-le et votre barbe sentira instantan\u00e9ment bon et sera douce. Plus important encore, cet adoucissant \u00e0 barbe aidera votre barbe \u00e0 rester saine \u00e0 la racine, de sorte que vous aurez moins de d\u00e9mangeaisons et de pellicules.<\/p>","protected":false},"featured_media":7317,"template":"","meta":{"_exactmetrics_skip_tracking":false,"_exactmetrics_sitenote_active":false,"_exactmetrics_sitenote_note":"","_exactmetrics_sitenote_category":0},"product_brand":[],"product_cat":[302],"product_tag":[320,321,325],"class_list":{"0":"post-7316","1":"product","2":"type-product","3":"status-publish","4":"has-post-thumbnail","6":"product_cat-beard-care","7":"product_tag-balms","8":"product_tag-beards","9":"product_tag-hair","10":"has-thumb","12":"first","13":"outofstock","14":"shipping-taxable","15":"purchasable","16":"product-type-simple"},"aioseo_notices":[],"_links":{"self":[{"href":"https:\/\/www.barbiertom.be\/fr\/wp-json\/wp\/v2\/product\/7316","targetHints":{"allow":["GET"]}}],"collection":[{"href":"https:\/\/www.barbiertom.be\/fr\/wp-json\/wp\/v2\/product"}],"about":[{"href":"https:\/\/www.barbiertom.be\/fr\/wp-json\/wp\/v2\/types\/product"}],"version-history":[{"count":1,"href":"https:\/\/www.barbiertom.be\/fr\/wp-json\/wp\/v2\/product\/7316\/revisions"}],"predecessor-version":[{"id":19324,"href":"https:\/\/www.barbiertom.be\/fr\/wp-json\/wp\/v2\/product\/7316\/revisions\/19324"}],"wp:featuredmedia":[{"embeddable":true,"href":"https:\/\/www.barbiertom.be\/fr\/wp-json\/wp\/v2\/media\/7317"}],"wp:attachment":[{"href":"https:\/\/www.barbiertom.be\/fr\/wp-json\/wp\/v2\/media?parent=7316"}],"wp:term":[{"taxonomy":"product_brand","embeddable":true,"href":"https:\/\/www.barbiertom.be\/fr\/wp-json\/wp\/v2\/product_brand?post=7316"},{"taxonomy":"product_cat","embeddable":true,"href":"https:\/\/www.barbiertom.be\/fr\/wp-json\/wp\/v2\/product_cat?post=7316"},{"taxonomy":"product_tag","embeddable":true,"href":"https:\/\/www.barbiertom.be\/fr\/wp-json\/wp\/v2\/product_tag?post=7316"}],"curies":[{"name":"wp","href":"https:\/\/api.w.org\/{rel}","templated":true}]}}