{"id":7313,"date":"2020-03-28T10:31:05","date_gmt":"2020-03-28T09:31:05","guid":{"rendered":"https:\/\/www.barbiertom.be\/?post_type=product&#038;p=7313"},"modified":"2021-04-19T09:45:49","modified_gmt":"2021-04-19T08:45:49","slug":"reuzel-beard-foam","status":"publish","type":"product","link":"https:\/\/www.barbiertom.be\/fr\/produit\/reuzel-beard-foam\/","title":{"rendered":"Mousse \u00e0 barbe de saindoux"},"content":{"rendered":"<p data-children-count=\"0\">Gardez votre barbe sous contr\u00f4le avec notre mousse \u00e0 barbe Reuzel sans rin\u00e7age. Le m\u00eame m\u00e9lange tonique T4 qui rend nos produits de soins capillaires sp\u00e9ciaux fera \u00e9galement des merveilles ici.<\/p>\n<p data-children-count=\"0\">Juste un peu r\u00e9duira les pellicules, apprivoisera les poils rebelles, ajoutera de la pl\u00e9nitude et \u00e9liminera cette odeur de barbe g\u00e9niale.<\/p>\n<p data-children-count=\"0\">TENUE L\u00c9G\u00c8RE \u2013 FAIBLE BRILLANCE \u2013 D\u00c9SODORISANT<\/p>\n<ul data-children-count=\"0\">\n<li>Ajoute de la pl\u00e9nitude et r\u00e9duit les d\u00e9mangeaisons<\/li>\n<li>Hamam\u00e9lis, romarin et autres extraits<\/li>\n<li>D\u00e9sodorisant d&#039;origine naturelle en instance de brevet<\/li>\n<\/ul>","protected":false},"excerpt":{"rendered":"<p data-children-count=\"0\">Gardez votre barbe sous contr\u00f4le avec notre mousse \u00e0 barbe Reuzel sans rin\u00e7age. Le m\u00eame m\u00e9lange tonique T4 qui rend nos produits de soins capillaires sp\u00e9ciaux fera \u00e9galement des merveilles ici.<\/p>","protected":false},"featured_media":7314,"template":"","meta":{"_exactmetrics_skip_tracking":false,"_exactmetrics_sitenote_active":false,"_exactmetrics_sitenote_note":"","_exactmetrics_sitenote_category":0},"product_brand":[],"product_cat":[302],"product_tag":[320,321,325],"class_list":{"0":"post-7313","1":"product","2":"type-product","3":"status-publish","4":"has-post-thumbnail","6":"product_cat-beard-care","7":"product_tag-balms","8":"product_tag-beards","9":"product_tag-hair","10":"has-thumb","12":"first","13":"outofstock","14":"shipping-taxable","15":"purchasable","16":"product-type-simple"},"aioseo_notices":[],"_links":{"self":[{"href":"https:\/\/www.barbiertom.be\/fr\/wp-json\/wp\/v2\/product\/7313","targetHints":{"allow":["GET"]}}],"collection":[{"href":"https:\/\/www.barbiertom.be\/fr\/wp-json\/wp\/v2\/product"}],"about":[{"href":"https:\/\/www.barbiertom.be\/fr\/wp-json\/wp\/v2\/types\/product"}],"version-history":[{"count":0,"href":"https:\/\/www.barbiertom.be\/fr\/wp-json\/wp\/v2\/product\/7313\/revisions"}],"wp:featuredmedia":[{"embeddable":true,"href":"https:\/\/www.barbiertom.be\/fr\/wp-json\/wp\/v2\/media\/7314"}],"wp:attachment":[{"href":"https:\/\/www.barbiertom.be\/fr\/wp-json\/wp\/v2\/media?parent=7313"}],"wp:term":[{"taxonomy":"product_brand","embeddable":true,"href":"https:\/\/www.barbiertom.be\/fr\/wp-json\/wp\/v2\/product_brand?post=7313"},{"taxonomy":"product_cat","embeddable":true,"href":"https:\/\/www.barbiertom.be\/fr\/wp-json\/wp\/v2\/product_cat?post=7313"},{"taxonomy":"product_tag","embeddable":true,"href":"https:\/\/www.barbiertom.be\/fr\/wp-json\/wp\/v2\/product_tag?post=7313"}],"curies":[{"name":"wp","href":"https:\/\/api.w.org\/{rel}","templated":true}]}}