{"id":7307,"date":"2020-03-28T10:28:36","date_gmt":"2020-03-28T09:28:36","guid":{"rendered":"https:\/\/www.barbiertom.be\/?post_type=product&#038;p=7307"},"modified":"2025-12-09T14:35:26","modified_gmt":"2025-12-09T13:35:26","slug":"reuzel-scrub-shampoo-l","status":"publish","type":"product","link":"https:\/\/www.barbiertom.be\/fr\/produit\/reuzel-scrub-shampoo-l\/","title":{"rendered":"Shampooing exfoliant au saindoux L."},"content":{"rendered":"<p data-children-count=\"0\">Vous aimez le saindoux? Finalement, vous aurez besoin d&#039;un bon d\u00e9part. Et c&#039;est ainsi que vous l&#039;obtenez. Le shampooing Reuzel Scrub a une odeur incroyable et une sensation granuleuse dans vos doigts. Il associe notre T4 Tonic \u00e0 de la f\u00e9cule de ma\u00efs naturelle pour d\u00e9composer l&#039;accumulation de graisse et exfolier votre cuir chevelu de mani\u00e8re pas si douce. H\u00e9, tu es un nouvel homme avec ce shampooing nettoyant pour le cuir chevelu.<\/p>\n<p data-children-count=\"0\">Egalement disponible en 100 ml et 1000 ml.<\/p>\n<p data-children-count=\"0\">NETTOYAGE EN PROFONDEUR - EXFOLIANT CUIR CHEVELU - D\u00c9GRAISSANT<\/p>\n<ul data-children-count=\"0\">\n<li>Exfolie le cuir chevelu<\/li>\n<li>Nettoie l&#039;accumulation de graisse<\/li>\n<li>Peut \u00e9galement \u00eatre utilis\u00e9 comme exfoliant pour la peau<\/li>\n<\/ul>","protected":false},"excerpt":{"rendered":"<p data-children-count=\"0\">Vous aimez le saindoux? Finalement, vous aurez besoin d&#039;un bon d\u00e9part. Et c&#039;est ainsi que vous l&#039;obtenez. Le shampooing Reuzel Scrub a une odeur incroyable et une sensation granuleuse dans vos doigts. Il associe notre T4 Tonic \u00e0 de la f\u00e9cule de ma\u00efs naturelle pour d\u00e9composer l&#039;accumulation de graisse et exfolier votre cuir chevelu de mani\u00e8re pas si douce. H\u00e9, tu es un nouvel homme avec ce shampooing nettoyant pour le cuir chevelu.<\/p>","protected":false},"featured_media":7308,"template":"","meta":{"_exactmetrics_skip_tracking":false,"_exactmetrics_sitenote_active":false,"_exactmetrics_sitenote_note":"","_exactmetrics_sitenote_category":0},"product_brand":[],"product_cat":[301],"product_tag":[320,321,325],"class_list":{"0":"post-7307","1":"product","2":"type-product","3":"status-publish","4":"has-post-thumbnail","6":"product_cat-hair-care","7":"product_tag-balms","8":"product_tag-beards","9":"product_tag-hair","10":"has-thumb","12":"first","13":"outofstock","14":"shipping-taxable","15":"purchasable","16":"product-type-simple"},"aioseo_notices":[],"_links":{"self":[{"href":"https:\/\/www.barbiertom.be\/fr\/wp-json\/wp\/v2\/product\/7307","targetHints":{"allow":["GET"]}}],"collection":[{"href":"https:\/\/www.barbiertom.be\/fr\/wp-json\/wp\/v2\/product"}],"about":[{"href":"https:\/\/www.barbiertom.be\/fr\/wp-json\/wp\/v2\/types\/product"}],"version-history":[{"count":1,"href":"https:\/\/www.barbiertom.be\/fr\/wp-json\/wp\/v2\/product\/7307\/revisions"}],"predecessor-version":[{"id":19325,"href":"https:\/\/www.barbiertom.be\/fr\/wp-json\/wp\/v2\/product\/7307\/revisions\/19325"}],"wp:featuredmedia":[{"embeddable":true,"href":"https:\/\/www.barbiertom.be\/fr\/wp-json\/wp\/v2\/media\/7308"}],"wp:attachment":[{"href":"https:\/\/www.barbiertom.be\/fr\/wp-json\/wp\/v2\/media?parent=7307"}],"wp:term":[{"taxonomy":"product_brand","embeddable":true,"href":"https:\/\/www.barbiertom.be\/fr\/wp-json\/wp\/v2\/product_brand?post=7307"},{"taxonomy":"product_cat","embeddable":true,"href":"https:\/\/www.barbiertom.be\/fr\/wp-json\/wp\/v2\/product_cat?post=7307"},{"taxonomy":"product_tag","embeddable":true,"href":"https:\/\/www.barbiertom.be\/fr\/wp-json\/wp\/v2\/product_tag?post=7307"}],"curies":[{"name":"wp","href":"https:\/\/api.w.org\/{rel}","templated":true}]}}