{"id":7298,"date":"2020-03-28T10:22:51","date_gmt":"2020-03-28T09:22:51","guid":{"rendered":"https:\/\/www.barbiertom.be\/?post_type=product&#038;p=7298"},"modified":"2025-12-09T14:37:03","modified_gmt":"2025-12-09T13:37:03","slug":"suavecito-grooming-spray-2","status":"publish","type":"product","link":"https:\/\/www.barbiertom.be\/fr\/produit\/suavecito-grooming-spray-2\/","title":{"rendered":"Baume \u00e0 barbe Uppercut"},"content":{"rendered":"<p>Le baume \u00e0 barbe Uppercut Deluxe a \u00e9t\u00e9 cr\u00e9\u00e9 pour garder en forme m\u00eame les hommes les plus virils. Nous savons que garder une barbe \u00e9pique en forme n&#039;est pas une t\u00e2che facile et qu&#039;une belle barbe ne se produit pas simplement, nous avons donc d\u00e9cid\u00e9 de faire quelque chose qui aide.<\/p>\n<p>Avec juste la bonne quantit\u00e9 de contr\u00f4le et de brillance, le baume \u00e0 barbe Uppercut Deluxe gardera votre barbe en forme et contr\u00f4l\u00e9e, r\u00e9duisant ces envol\u00e9es ennuyeuses tout en gardant votre look \u00e9l\u00e9gant et distingu\u00e9 en place. Personne n&#039;aime une barbe brillante et grasse apr\u00e8s tout\u2026 Le meilleur - votre barbe sera nourrie et hydrat\u00e9e.<\/p>","protected":false},"excerpt":{"rendered":"<p>Le baume \u00e0 barbe Uppercut Deluxe a \u00e9t\u00e9 cr\u00e9\u00e9 pour garder en forme m\u00eame les hommes les plus virils. Nous savons que garder une barbe \u00e9pique en forme n&#039;est pas une t\u00e2che facile et qu&#039;une belle barbe ne se produit pas simplement, nous avons donc d\u00e9cid\u00e9 de faire quelque chose qui aide.<\/p>\n<p>&nbsp;<\/p>","protected":false},"featured_media":7299,"template":"","meta":{"_exactmetrics_skip_tracking":false,"_exactmetrics_sitenote_active":false,"_exactmetrics_sitenote_note":"","_exactmetrics_sitenote_category":0},"product_brand":[],"product_cat":[302],"product_tag":[320,321,325],"class_list":{"0":"post-7298","1":"product","2":"type-product","3":"status-publish","4":"has-post-thumbnail","6":"product_cat-beard-care","7":"product_tag-balms","8":"product_tag-beards","9":"product_tag-hair","10":"has-thumb","12":"first","13":"instock","14":"shipping-taxable","15":"purchasable","16":"product-type-simple"},"aioseo_notices":[],"_links":{"self":[{"href":"https:\/\/www.barbiertom.be\/fr\/wp-json\/wp\/v2\/product\/7298","targetHints":{"allow":["GET"]}}],"collection":[{"href":"https:\/\/www.barbiertom.be\/fr\/wp-json\/wp\/v2\/product"}],"about":[{"href":"https:\/\/www.barbiertom.be\/fr\/wp-json\/wp\/v2\/types\/product"}],"version-history":[{"count":1,"href":"https:\/\/www.barbiertom.be\/fr\/wp-json\/wp\/v2\/product\/7298\/revisions"}],"predecessor-version":[{"id":19328,"href":"https:\/\/www.barbiertom.be\/fr\/wp-json\/wp\/v2\/product\/7298\/revisions\/19328"}],"wp:featuredmedia":[{"embeddable":true,"href":"https:\/\/www.barbiertom.be\/fr\/wp-json\/wp\/v2\/media\/7299"}],"wp:attachment":[{"href":"https:\/\/www.barbiertom.be\/fr\/wp-json\/wp\/v2\/media?parent=7298"}],"wp:term":[{"taxonomy":"product_brand","embeddable":true,"href":"https:\/\/www.barbiertom.be\/fr\/wp-json\/wp\/v2\/product_brand?post=7298"},{"taxonomy":"product_cat","embeddable":true,"href":"https:\/\/www.barbiertom.be\/fr\/wp-json\/wp\/v2\/product_cat?post=7298"},{"taxonomy":"product_tag","embeddable":true,"href":"https:\/\/www.barbiertom.be\/fr\/wp-json\/wp\/v2\/product_tag?post=7298"}],"curies":[{"name":"wp","href":"https:\/\/api.w.org\/{rel}","templated":true}]}}