{"id":7284,"date":"2020-03-28T10:17:28","date_gmt":"2020-03-28T09:17:28","guid":{"rendered":"https:\/\/www.barbiertom.be\/?post_type=product&#038;p=7284"},"modified":"2025-12-09T14:41:01","modified_gmt":"2025-12-09T13:41:01","slug":"mr-bear-beard-brew-wilderness","status":"publish","type":"product","link":"https:\/\/www.barbiertom.be\/fr\/produit\/mr-bear-beard-brew-wilderness\/","title":{"rendered":"Monsieur. Bear Beard Brew WILDERNESS"},"content":{"rendered":"<p>Fabriqu\u00e9 uniquement \u00e0 partir d&#039;huiles naturelles, comme l&#039;huile d&#039;argan et de jojoba et le beurre de karit\u00e9, qui adoucissent et hydratent la barbe et la peau. Parfait pour le style quotidien de votre barbe. Il soulage les rougeurs, les irritations et la peau s\u00e8che et lui donne un toucher plus luxuriant. Combinez le baume \u00e0 barbe avec Mr. Bear Family Beard Brews et donnez \u00e0 votre barbe un \u00e9clat d&#039;excellence.<\/p>\n<p>Se d\u00e9cline en trois parfums:<\/p>\n<ul>\n<li><b>Agrumes<\/b>\u00a0a un d\u00e9licieux parfum d&#039;agrumes fra\u00eechement cueillis.<\/li>\n<li><b>R\u00e9gion sauvage<\/b>\u00a0a un d\u00e9licieux parfum de collines verdoyantes, de lavande et de bois.<\/li>\n<li><b>Des bois<\/b>\u00a0a un parfum d\u00e9licieux d&#039;une for\u00eat de pins d&#039;\u00e9t\u00e9 fra\u00eeche.<\/li>\n<\/ul>\n<p>Application:<br \/>\nCommencez par gratter une petite quantit\u00e9 de baume de l&#039;\u00e9tain avec vos doigts. Frottez-le entre vos paumes jusqu&#039;\u00e0 ce qu&#039;il soit facile \u00e0 manipuler. Frottez-le dans votre barbe et utilisez un peigne pour la sculpture de votre choix. Il est facile de se laver avec de l&#039;eau ti\u00e8de et du savon.<\/p>","protected":false},"excerpt":{"rendered":"<p>Fabriqu\u00e9 uniquement \u00e0 partir d&#039;huiles naturelles, comme l&#039;huile d&#039;argan et de jojoba et le beurre de karit\u00e9, qui adoucissent et hydratent la barbe et la peau. Parfait pour le style quotidien de votre barbe. Il soulage les rougeurs, les irritations et la peau s\u00e8che et lui donne un toucher plus luxuriant. Combinez le baume \u00e0 barbe avec Mr. Bear Family Beard Brews et donnez \u00e0 votre barbe un \u00e9clat d&#039;excellence.<\/p>\n<p>&nbsp;<\/p>","protected":false},"featured_media":7287,"template":"","meta":{"_exactmetrics_skip_tracking":false,"_exactmetrics_sitenote_active":false,"_exactmetrics_sitenote_note":"","_exactmetrics_sitenote_category":0},"product_brand":[],"product_cat":[302],"product_tag":[320,321,325],"class_list":{"0":"post-7284","1":"product","2":"type-product","3":"status-publish","4":"has-post-thumbnail","6":"product_cat-beard-care","7":"product_tag-balms","8":"product_tag-beards","9":"product_tag-hair","10":"has-thumb","12":"first","13":"instock","14":"shipping-taxable","15":"purchasable","16":"product-type-simple"},"aioseo_notices":[],"_links":{"self":[{"href":"https:\/\/www.barbiertom.be\/fr\/wp-json\/wp\/v2\/product\/7284","targetHints":{"allow":["GET"]}}],"collection":[{"href":"https:\/\/www.barbiertom.be\/fr\/wp-json\/wp\/v2\/product"}],"about":[{"href":"https:\/\/www.barbiertom.be\/fr\/wp-json\/wp\/v2\/types\/product"}],"version-history":[{"count":1,"href":"https:\/\/www.barbiertom.be\/fr\/wp-json\/wp\/v2\/product\/7284\/revisions"}],"predecessor-version":[{"id":19332,"href":"https:\/\/www.barbiertom.be\/fr\/wp-json\/wp\/v2\/product\/7284\/revisions\/19332"}],"wp:featuredmedia":[{"embeddable":true,"href":"https:\/\/www.barbiertom.be\/fr\/wp-json\/wp\/v2\/media\/7287"}],"wp:attachment":[{"href":"https:\/\/www.barbiertom.be\/fr\/wp-json\/wp\/v2\/media?parent=7284"}],"wp:term":[{"taxonomy":"product_brand","embeddable":true,"href":"https:\/\/www.barbiertom.be\/fr\/wp-json\/wp\/v2\/product_brand?post=7284"},{"taxonomy":"product_cat","embeddable":true,"href":"https:\/\/www.barbiertom.be\/fr\/wp-json\/wp\/v2\/product_cat?post=7284"},{"taxonomy":"product_tag","embeddable":true,"href":"https:\/\/www.barbiertom.be\/fr\/wp-json\/wp\/v2\/product_tag?post=7284"}],"curies":[{"name":"wp","href":"https:\/\/api.w.org\/{rel}","templated":true}]}}