{"id":7259,"date":"2020-03-28T10:03:34","date_gmt":"2020-03-28T09:03:34","guid":{"rendered":"https:\/\/www.barbiertom.be\/?post_type=product&#038;p=7259"},"modified":"2022-08-05T14:25:37","modified_gmt":"2022-08-05T13:25:37","slug":"byrd-texturizing-surfspray","status":"publish","type":"product","link":"https:\/\/www.barbiertom.be\/fr\/produit\/byrd-texturizing-surfspray\/","title":{"rendered":"Byrd Surfspray texturisant"},"content":{"rendered":"<p>Texturizing Surfspray est un spritz coiffant r\u00e9parateur. Le sel de mer et l&#039;eau de coco ajoutent de la texture, une brillance naturelle et un volume de plage. Les prot\u00e9ines de quinoa, la vitamine B5 et l&#039;extrait d&#039;argousier r\u00e9parent et nourrissent les cheveux en les hydratant en apesanteur tout en fournissant une barri\u00e8re naturelle contre les UV et les stress environnementaux.<\/p>\n<p>Le parfum de noix de coco sal\u00e9e de BYRD est un m\u00e9lange doux de noix de coco des \u00eeles, de sel de mer, de vanille et d&#039;ananas.<\/p>","protected":false},"excerpt":{"rendered":"<p>Texturizing Surfspray est un spritz coiffant r\u00e9parateur. Le sel de mer et l&#039;eau de coco ajoutent de la texture, une brillance naturelle et un volume de plage. Les prot\u00e9ines de quinoa, la vitamine B5 et l&#039;extrait d&#039;argousier r\u00e9parent et nourrissent les cheveux en les hydratant en apesanteur tout en fournissant une barri\u00e8re naturelle contre les UV et les stress environnementaux.<\/p>\n<p>Le parfum de noix de coco sal\u00e9e de BYRD est un m\u00e9lange doux de noix de coco des \u00eeles, de sel de mer, de vanille et d&#039;ananas.<\/p>","protected":false},"featured_media":7260,"template":"","meta":{"_exactmetrics_skip_tracking":false,"_exactmetrics_sitenote_active":false,"_exactmetrics_sitenote_note":"","_exactmetrics_sitenote_category":0},"product_brand":[],"product_cat":[301],"product_tag":[320,321,325],"class_list":{"0":"post-7259","1":"product","2":"type-product","3":"status-publish","4":"has-post-thumbnail","6":"product_cat-hair-care","7":"product_tag-balms","8":"product_tag-beards","9":"product_tag-hair","10":"has-thumb","12":"first","13":"outofstock","14":"shipping-taxable","15":"purchasable","16":"product-type-simple"},"aioseo_notices":[],"_links":{"self":[{"href":"https:\/\/www.barbiertom.be\/fr\/wp-json\/wp\/v2\/product\/7259","targetHints":{"allow":["GET"]}}],"collection":[{"href":"https:\/\/www.barbiertom.be\/fr\/wp-json\/wp\/v2\/product"}],"about":[{"href":"https:\/\/www.barbiertom.be\/fr\/wp-json\/wp\/v2\/types\/product"}],"version-history":[{"count":0,"href":"https:\/\/www.barbiertom.be\/fr\/wp-json\/wp\/v2\/product\/7259\/revisions"}],"wp:featuredmedia":[{"embeddable":true,"href":"https:\/\/www.barbiertom.be\/fr\/wp-json\/wp\/v2\/media\/7260"}],"wp:attachment":[{"href":"https:\/\/www.barbiertom.be\/fr\/wp-json\/wp\/v2\/media?parent=7259"}],"wp:term":[{"taxonomy":"product_brand","embeddable":true,"href":"https:\/\/www.barbiertom.be\/fr\/wp-json\/wp\/v2\/product_brand?post=7259"},{"taxonomy":"product_cat","embeddable":true,"href":"https:\/\/www.barbiertom.be\/fr\/wp-json\/wp\/v2\/product_cat?post=7259"},{"taxonomy":"product_tag","embeddable":true,"href":"https:\/\/www.barbiertom.be\/fr\/wp-json\/wp\/v2\/product_tag?post=7259"}],"curies":[{"name":"wp","href":"https:\/\/api.w.org\/{rel}","templated":true}]}}