{"id":7256,"date":"2020-03-28T10:01:41","date_gmt":"2020-03-28T09:01:41","guid":{"rendered":"https:\/\/www.barbiertom.be\/?post_type=product&#038;p=7256"},"modified":"2025-12-09T14:44:56","modified_gmt":"2025-12-09T13:44:56","slug":"layrite-grooming-spray-l","status":"publish","type":"product","link":"https:\/\/www.barbiertom.be\/fr\/produit\/layrite-grooming-spray-l\/","title":{"rendered":"Spray de toilettage Layrite L."},"content":{"rendered":"<p>Le secret du coiffeur pour des cheveux plus \u00e9pais. Souvent r\u00e9serv\u00e9 aux professionnels, vol\u00e9 par les copines et emprunt\u00e9 par les \u00e9pouses, ce spray hydrosoluble tout-en-un est parfait pour pr\u00e9parer les cheveux secs ou humides \u00e0 chaque fois que le volume, la texture et une petite tenue suppl\u00e9mentaire sont souhait\u00e9s. c&#039;est aussi super pour le gars qui n&#039;aime pas mettre beaucoup de choses dans ses cheveux mais qui aime quand m\u00eame avoir l&#039;air un peu soign\u00e9.<\/p>","protected":false},"excerpt":{"rendered":"<p data-children-count=\"0\">Le secret du coiffeur pour des cheveux plus \u00e9pais. Souvent r\u00e9serv\u00e9 aux professionnels, vol\u00e9 par les copines et emprunt\u00e9 par les \u00e9pouses, ce spray hydrosoluble tout-en-un est parfait pour pr\u00e9parer les cheveux secs ou humides \u00e0 chaque fois que le volume, la texture et une petite tenue suppl\u00e9mentaire sont souhait\u00e9s. c&#039;est aussi super pour le gars qui n&#039;aime pas mettre beaucoup de choses dans ses cheveux mais qui aime quand m\u00eame avoir l&#039;air un peu soign\u00e9.<\/p>","protected":false},"featured_media":7257,"template":"","meta":{"_exactmetrics_skip_tracking":false,"_exactmetrics_sitenote_active":false,"_exactmetrics_sitenote_note":"","_exactmetrics_sitenote_category":0},"product_brand":[],"product_cat":[301],"product_tag":[320,321,325],"class_list":{"0":"post-7256","1":"product","2":"type-product","3":"status-publish","4":"has-post-thumbnail","6":"product_cat-hair-care","7":"product_tag-balms","8":"product_tag-beards","9":"product_tag-hair","10":"has-thumb","12":"first","13":"instock","14":"shipping-taxable","15":"purchasable","16":"product-type-simple"},"aioseo_notices":[],"_links":{"self":[{"href":"https:\/\/www.barbiertom.be\/fr\/wp-json\/wp\/v2\/product\/7256","targetHints":{"allow":["GET"]}}],"collection":[{"href":"https:\/\/www.barbiertom.be\/fr\/wp-json\/wp\/v2\/product"}],"about":[{"href":"https:\/\/www.barbiertom.be\/fr\/wp-json\/wp\/v2\/types\/product"}],"version-history":[{"count":1,"href":"https:\/\/www.barbiertom.be\/fr\/wp-json\/wp\/v2\/product\/7256\/revisions"}],"predecessor-version":[{"id":19340,"href":"https:\/\/www.barbiertom.be\/fr\/wp-json\/wp\/v2\/product\/7256\/revisions\/19340"}],"wp:featuredmedia":[{"embeddable":true,"href":"https:\/\/www.barbiertom.be\/fr\/wp-json\/wp\/v2\/media\/7257"}],"wp:attachment":[{"href":"https:\/\/www.barbiertom.be\/fr\/wp-json\/wp\/v2\/media?parent=7256"}],"wp:term":[{"taxonomy":"product_brand","embeddable":true,"href":"https:\/\/www.barbiertom.be\/fr\/wp-json\/wp\/v2\/product_brand?post=7256"},{"taxonomy":"product_cat","embeddable":true,"href":"https:\/\/www.barbiertom.be\/fr\/wp-json\/wp\/v2\/product_cat?post=7256"},{"taxonomy":"product_tag","embeddable":true,"href":"https:\/\/www.barbiertom.be\/fr\/wp-json\/wp\/v2\/product_tag?post=7256"}],"curies":[{"name":"wp","href":"https:\/\/api.w.org\/{rel}","templated":true}]}}