{"id":7247,"date":"2020-03-28T09:57:22","date_gmt":"2020-03-28T08:57:22","guid":{"rendered":"https:\/\/www.barbiertom.be\/?post_type=product&#038;p=7247"},"modified":"2025-12-09T14:46:20","modified_gmt":"2025-12-09T13:46:20","slug":"layrite-superhold-pomade-l","status":"publish","type":"product","link":"https:\/\/www.barbiertom.be\/fr\/produit\/layrite-superhold-pomade-l\/","title":{"rendered":"Layrite Superhold Pomade L."},"content":{"rendered":"<p>Avec le m\u00eame parfum de vanille signature que notre pommade originale, cette pommade \u00e0 base d&#039;eau incroyablement haute est pour les styles plus exigeants et les cheveux difficiles \u00e0 g\u00e9rer.<\/p>","protected":false},"excerpt":{"rendered":"<p data-children-count=\"0\">Avec le m\u00eame parfum de vanille signature que notre pommade originale, cette pommade \u00e0 base d&#039;eau incroyablement haute est pour les styles plus exigeants et les cheveux difficiles \u00e0 g\u00e9rer.<\/p>","protected":false},"featured_media":7248,"template":"","meta":{"_exactmetrics_skip_tracking":false,"_exactmetrics_sitenote_active":false,"_exactmetrics_sitenote_note":"","_exactmetrics_sitenote_category":0},"product_brand":[],"product_cat":[301],"product_tag":[320,321,325],"class_list":{"0":"post-7247","1":"product","2":"type-product","3":"status-publish","4":"has-post-thumbnail","6":"product_cat-hair-care","7":"product_tag-balms","8":"product_tag-beards","9":"product_tag-hair","10":"has-thumb","12":"first","13":"instock","14":"shipping-taxable","15":"purchasable","16":"product-type-simple"},"aioseo_notices":[],"_links":{"self":[{"href":"https:\/\/www.barbiertom.be\/fr\/wp-json\/wp\/v2\/product\/7247","targetHints":{"allow":["GET"]}}],"collection":[{"href":"https:\/\/www.barbiertom.be\/fr\/wp-json\/wp\/v2\/product"}],"about":[{"href":"https:\/\/www.barbiertom.be\/fr\/wp-json\/wp\/v2\/types\/product"}],"version-history":[{"count":1,"href":"https:\/\/www.barbiertom.be\/fr\/wp-json\/wp\/v2\/product\/7247\/revisions"}],"predecessor-version":[{"id":19343,"href":"https:\/\/www.barbiertom.be\/fr\/wp-json\/wp\/v2\/product\/7247\/revisions\/19343"}],"wp:featuredmedia":[{"embeddable":true,"href":"https:\/\/www.barbiertom.be\/fr\/wp-json\/wp\/v2\/media\/7248"}],"wp:attachment":[{"href":"https:\/\/www.barbiertom.be\/fr\/wp-json\/wp\/v2\/media?parent=7247"}],"wp:term":[{"taxonomy":"product_brand","embeddable":true,"href":"https:\/\/www.barbiertom.be\/fr\/wp-json\/wp\/v2\/product_brand?post=7247"},{"taxonomy":"product_cat","embeddable":true,"href":"https:\/\/www.barbiertom.be\/fr\/wp-json\/wp\/v2\/product_cat?post=7247"},{"taxonomy":"product_tag","embeddable":true,"href":"https:\/\/www.barbiertom.be\/fr\/wp-json\/wp\/v2\/product_tag?post=7247"}],"curies":[{"name":"wp","href":"https:\/\/api.w.org\/{rel}","templated":true}]}}