{"id":7244,"date":"2020-03-28T09:55:03","date_gmt":"2020-03-28T08:55:03","guid":{"rendered":"https:\/\/www.barbiertom.be\/?post_type=product&#038;p=7244"},"modified":"2025-12-09T14:46:46","modified_gmt":"2025-12-09T13:46:46","slug":"layrite-original-pomade-l","status":"publish","type":"product","link":"https:\/\/www.barbiertom.be\/fr\/produit\/layrite-original-pomade-l\/","title":{"rendered":"Layrite Original Pomade L."},"content":{"rendered":"<p>La pommade \u00e0 base d&#039;eau avec un parfum de vanille qui a tout d\u00e9clench\u00e9. Notre pommade originale tient et sent la fra\u00eecheur toute la journ\u00e9e, mais se rince facilement \u00e0 l&#039;eau.<\/p>","protected":false},"excerpt":{"rendered":"<p data-children-count=\"0\">La pommade \u00e0 base d&#039;eau avec un parfum de vanille qui a tout d\u00e9clench\u00e9. Notre pommade originale tient et sent la fra\u00eecheur toute la journ\u00e9e, mais se rince facilement \u00e0 l&#039;eau.<\/p>","protected":false},"featured_media":7245,"template":"","meta":{"_exactmetrics_skip_tracking":false,"_exactmetrics_sitenote_active":false,"_exactmetrics_sitenote_note":"","_exactmetrics_sitenote_category":0},"product_brand":[],"product_cat":[301],"product_tag":[320,321,325],"class_list":{"0":"post-7244","1":"product","2":"type-product","3":"status-publish","4":"has-post-thumbnail","6":"product_cat-hair-care","7":"product_tag-balms","8":"product_tag-beards","9":"product_tag-hair","10":"has-thumb","12":"first","13":"instock","14":"shipping-taxable","15":"purchasable","16":"product-type-simple"},"aioseo_notices":[],"_links":{"self":[{"href":"https:\/\/www.barbiertom.be\/fr\/wp-json\/wp\/v2\/product\/7244","targetHints":{"allow":["GET"]}}],"collection":[{"href":"https:\/\/www.barbiertom.be\/fr\/wp-json\/wp\/v2\/product"}],"about":[{"href":"https:\/\/www.barbiertom.be\/fr\/wp-json\/wp\/v2\/types\/product"}],"version-history":[{"count":1,"href":"https:\/\/www.barbiertom.be\/fr\/wp-json\/wp\/v2\/product\/7244\/revisions"}],"predecessor-version":[{"id":19344,"href":"https:\/\/www.barbiertom.be\/fr\/wp-json\/wp\/v2\/product\/7244\/revisions\/19344"}],"wp:featuredmedia":[{"embeddable":true,"href":"https:\/\/www.barbiertom.be\/fr\/wp-json\/wp\/v2\/media\/7245"}],"wp:attachment":[{"href":"https:\/\/www.barbiertom.be\/fr\/wp-json\/wp\/v2\/media?parent=7244"}],"wp:term":[{"taxonomy":"product_brand","embeddable":true,"href":"https:\/\/www.barbiertom.be\/fr\/wp-json\/wp\/v2\/product_brand?post=7244"},{"taxonomy":"product_cat","embeddable":true,"href":"https:\/\/www.barbiertom.be\/fr\/wp-json\/wp\/v2\/product_cat?post=7244"},{"taxonomy":"product_tag","embeddable":true,"href":"https:\/\/www.barbiertom.be\/fr\/wp-json\/wp\/v2\/product_tag?post=7244"}],"curies":[{"name":"wp","href":"https:\/\/api.w.org\/{rel}","templated":true}]}}