{"id":7016,"date":"2019-12-10T11:01:52","date_gmt":"2019-12-10T10:01:52","guid":{"rendered":"https:\/\/www.barbiertom.be\/?post_type=product&#038;p=7016"},"modified":"2025-12-09T14:48:59","modified_gmt":"2025-12-09T13:48:59","slug":"uppercut-deluxe-pomade","status":"publish","type":"product","link":"https:\/\/www.barbiertom.be\/fr\/produit\/uppercut-deluxe-pomade\/","title":{"rendered":"Pommade de luxe Uppercut"},"content":{"rendered":"<p style=\"font-weight: 400\">Deluxe Pomade a \u00e9t\u00e9 con\u00e7u pour l&#039;homme exigeant qui a un style particulier \u00e0 l&#039;esprit. Parfait pour les looks classiques et intemporels - tels que les pompadours hauts, les parties lat\u00e9rales et les dos lisses.<\/p>\n<p style=\"font-weight: 400\">Premier produit de la gamme Uppercut Deluxe, Deluxe Pomade a plac\u00e9 la barre tr\u00e8s haut en mati\u00e8re de qualit\u00e9 et s&#039;est m\u00e9rit\u00e9 un culte au fil des ans.<\/p>\n<p>Uppercut deluxe emballe un parfum subtil de noix de coco.<\/p>","protected":false},"excerpt":{"rendered":"<p>Parfait pour les looks classiques et intemporels - tels que les pompadours hauts, les parties lat\u00e9rales et les dos lisses.<\/p>","protected":false},"featured_media":6958,"template":"","meta":{"_exactmetrics_skip_tracking":false,"_exactmetrics_sitenote_active":false,"_exactmetrics_sitenote_note":"","_exactmetrics_sitenote_category":0},"product_brand":[],"product_cat":[301],"product_tag":[320,321,325],"class_list":{"0":"post-7016","1":"product","2":"type-product","3":"status-publish","4":"has-post-thumbnail","6":"product_cat-hair-care","7":"product_tag-balms","8":"product_tag-beards","9":"product_tag-hair","10":"has-thumb","12":"first","13":"instock","14":"shipping-taxable","15":"purchasable","16":"product-type-simple"},"aioseo_notices":[],"_links":{"self":[{"href":"https:\/\/www.barbiertom.be\/fr\/wp-json\/wp\/v2\/product\/7016","targetHints":{"allow":["GET"]}}],"collection":[{"href":"https:\/\/www.barbiertom.be\/fr\/wp-json\/wp\/v2\/product"}],"about":[{"href":"https:\/\/www.barbiertom.be\/fr\/wp-json\/wp\/v2\/types\/product"}],"version-history":[{"count":1,"href":"https:\/\/www.barbiertom.be\/fr\/wp-json\/wp\/v2\/product\/7016\/revisions"}],"predecessor-version":[{"id":19350,"href":"https:\/\/www.barbiertom.be\/fr\/wp-json\/wp\/v2\/product\/7016\/revisions\/19350"}],"wp:featuredmedia":[{"embeddable":true,"href":"https:\/\/www.barbiertom.be\/fr\/wp-json\/wp\/v2\/media\/6958"}],"wp:attachment":[{"href":"https:\/\/www.barbiertom.be\/fr\/wp-json\/wp\/v2\/media?parent=7016"}],"wp:term":[{"taxonomy":"product_brand","embeddable":true,"href":"https:\/\/www.barbiertom.be\/fr\/wp-json\/wp\/v2\/product_brand?post=7016"},{"taxonomy":"product_cat","embeddable":true,"href":"https:\/\/www.barbiertom.be\/fr\/wp-json\/wp\/v2\/product_cat?post=7016"},{"taxonomy":"product_tag","embeddable":true,"href":"https:\/\/www.barbiertom.be\/fr\/wp-json\/wp\/v2\/product_tag?post=7016"}],"curies":[{"name":"wp","href":"https:\/\/api.w.org\/{rel}","templated":true}]}}