{"id":7014,"date":"2019-12-10T10:56:15","date_gmt":"2019-12-10T09:56:15","guid":{"rendered":"https:\/\/www.barbiertom.be\/?post_type=product&#038;p=7014"},"modified":"2025-12-09T14:50:51","modified_gmt":"2025-12-09T13:50:51","slug":"suavecito-pomade-matte","status":"publish","type":"product","link":"https:\/\/www.barbiertom.be\/fr\/produit\/suavecito-pomade-matte\/","title":{"rendered":"Suavecito Pomade Matte"},"content":{"rendered":"<p>Suavecito Matte Pomade est enfin l\u00e0. Nous sommes extr\u00eamement fiers de dire que nous avons travaill\u00e9 sans rel\u00e2che et vigoureusement pendant des ann\u00e9es pour vous proposer une nouvelle pommade Suavecito. Nous avons travaill\u00e9 de fond en comble pour perfectionner cette nouvelle formule, mais nous n&#039;avons pas n\u00e9glig\u00e9 tout ce que nous avons appris au cours des nombreuses ann\u00e9es que nous avons pass\u00e9es dans le jeu de la pommade. Nous sommes tr\u00e8s heureux de vous pr\u00e9senter notre nouvelle pommade mate de Suavecito. Cette formule \u00e9tonnante va vous donner ce pouvoir de maintien que vous connaissez et aimez de nos pommades de renomm\u00e9e mondiale et la d\u00e9livrera avec une finition mate unique. Cette pommade glissera dans vos cheveux sans effort et proprement. Notre pommade mate a une puissance de tenue incroyable qui est flexible et, comme pour notre gamme originale, se lave avec juste de l&#039;eau. c&#039;est tout ce que vous savez et aimez \u00e0 propos de Suavecito Pomade dans une finition compl\u00e8tement mate. Parfum original. Vous savez, celui que vous aimez. Rester en puissance toute la journ\u00e9e \u00b7 Finition mate compl\u00e8te pour un look naturel et sain \u00b7 Se lave avec juste de l&#039;eau, formule \u00e0 base d&#039;eau. \u00b7 Formule unique pour laquelle vos cheveux vous remercieront. \u00b7 Fabriqu\u00e9 aux \u00c9tats-Unis<\/p>","protected":false},"excerpt":{"rendered":"<p>Cette formule \u00e9tonnante va vous donner ce pouvoir de maintien que vous connaissez et aimez de nos pommades de renomm\u00e9e mondiale et la d\u00e9livrera avec une finition mate unique.<\/p>","protected":false},"featured_media":6956,"template":"","meta":{"_exactmetrics_skip_tracking":false,"_exactmetrics_sitenote_active":false,"_exactmetrics_sitenote_note":"","_exactmetrics_sitenote_category":0},"product_brand":[],"product_cat":[301],"product_tag":[320,321,325],"class_list":{"0":"post-7014","1":"product","2":"type-product","3":"status-publish","4":"has-post-thumbnail","6":"product_cat-hair-care","7":"product_tag-balms","8":"product_tag-beards","9":"product_tag-hair","10":"has-thumb","12":"first","13":"instock","14":"shipping-taxable","15":"purchasable","16":"product-type-simple"},"aioseo_notices":[],"_links":{"self":[{"href":"https:\/\/www.barbiertom.be\/fr\/wp-json\/wp\/v2\/product\/7014","targetHints":{"allow":["GET"]}}],"collection":[{"href":"https:\/\/www.barbiertom.be\/fr\/wp-json\/wp\/v2\/product"}],"about":[{"href":"https:\/\/www.barbiertom.be\/fr\/wp-json\/wp\/v2\/types\/product"}],"version-history":[{"count":1,"href":"https:\/\/www.barbiertom.be\/fr\/wp-json\/wp\/v2\/product\/7014\/revisions"}],"predecessor-version":[{"id":19352,"href":"https:\/\/www.barbiertom.be\/fr\/wp-json\/wp\/v2\/product\/7014\/revisions\/19352"}],"wp:featuredmedia":[{"embeddable":true,"href":"https:\/\/www.barbiertom.be\/fr\/wp-json\/wp\/v2\/media\/6956"}],"wp:attachment":[{"href":"https:\/\/www.barbiertom.be\/fr\/wp-json\/wp\/v2\/media?parent=7014"}],"wp:term":[{"taxonomy":"product_brand","embeddable":true,"href":"https:\/\/www.barbiertom.be\/fr\/wp-json\/wp\/v2\/product_brand?post=7014"},{"taxonomy":"product_cat","embeddable":true,"href":"https:\/\/www.barbiertom.be\/fr\/wp-json\/wp\/v2\/product_cat?post=7014"},{"taxonomy":"product_tag","embeddable":true,"href":"https:\/\/www.barbiertom.be\/fr\/wp-json\/wp\/v2\/product_tag?post=7014"}],"curies":[{"name":"wp","href":"https:\/\/api.w.org\/{rel}","templated":true}]}}