{"id":7013,"date":"2019-12-10T10:54:50","date_gmt":"2019-12-10T09:54:50","guid":{"rendered":"https:\/\/www.barbiertom.be\/?post_type=product&#038;p=7013"},"modified":"2025-12-09T14:51:31","modified_gmt":"2025-12-09T13:51:31","slug":"suavecito-pomade-firme","status":"publish","type":"product","link":"https:\/\/www.barbiertom.be\/fr\/produit\/suavecito-pomade-firme\/","title":{"rendered":"Suavecito Pomade Firme"},"content":{"rendered":"<p>Prenant la formule de la pommade Original Hold de Suavecito et augmentant d&#039;un cran, la pommade Firme Hold de Suavecito est une pommade de coiffage extra-puissante. Pour ces jours-l\u00e0, vos cheveux ont besoin d&#039;un peu plus de force, cette pommade soluble dans l&#039;eau apprivoisera tout ce que vous lui lancez. Cette formule convient parfaitement aux cheveux boucl\u00e9s, \u00e9pais ou tenaces. Les pompadours, les dos lisses et les parties lat\u00e9rales peuvent \u00eatre coiff\u00e9s facilement. Solide et r\u00e9sistant mais se peigne toujours facilement. Avec les m\u00eames ingr\u00e9dients de base et le m\u00eame parfum que notre original, cette pommade se lave facilement et ne s&#039;\u00e9caille pas. Pas besoin de savons ou shampooings sp\u00e9ciaux. Il s\u00e8che avec une grande fermet\u00e9 et une brillance moyenne. Fi\u00e8rement fabriqu\u00e9 aux \u00c9tats-Unis.<\/p>","protected":false},"excerpt":{"rendered":"<p>La pommade Firme Hold d&#039;uavecito est une pommade coiffante extra-puissante.<\/p>","protected":false},"featured_media":6954,"template":"","meta":{"_exactmetrics_skip_tracking":false,"_exactmetrics_sitenote_active":false,"_exactmetrics_sitenote_note":"","_exactmetrics_sitenote_category":0},"product_brand":[],"product_cat":[301],"product_tag":[320,321,325],"class_list":{"0":"post-7013","1":"product","2":"type-product","3":"status-publish","4":"has-post-thumbnail","6":"product_cat-hair-care","7":"product_tag-balms","8":"product_tag-beards","9":"product_tag-hair","10":"has-thumb","12":"first","13":"instock","14":"shipping-taxable","15":"purchasable","16":"product-type-simple"},"aioseo_notices":[],"_links":{"self":[{"href":"https:\/\/www.barbiertom.be\/fr\/wp-json\/wp\/v2\/product\/7013","targetHints":{"allow":["GET"]}}],"collection":[{"href":"https:\/\/www.barbiertom.be\/fr\/wp-json\/wp\/v2\/product"}],"about":[{"href":"https:\/\/www.barbiertom.be\/fr\/wp-json\/wp\/v2\/types\/product"}],"version-history":[{"count":1,"href":"https:\/\/www.barbiertom.be\/fr\/wp-json\/wp\/v2\/product\/7013\/revisions"}],"predecessor-version":[{"id":19353,"href":"https:\/\/www.barbiertom.be\/fr\/wp-json\/wp\/v2\/product\/7013\/revisions\/19353"}],"wp:featuredmedia":[{"embeddable":true,"href":"https:\/\/www.barbiertom.be\/fr\/wp-json\/wp\/v2\/media\/6954"}],"wp:attachment":[{"href":"https:\/\/www.barbiertom.be\/fr\/wp-json\/wp\/v2\/media?parent=7013"}],"wp:term":[{"taxonomy":"product_brand","embeddable":true,"href":"https:\/\/www.barbiertom.be\/fr\/wp-json\/wp\/v2\/product_brand?post=7013"},{"taxonomy":"product_cat","embeddable":true,"href":"https:\/\/www.barbiertom.be\/fr\/wp-json\/wp\/v2\/product_cat?post=7013"},{"taxonomy":"product_tag","embeddable":true,"href":"https:\/\/www.barbiertom.be\/fr\/wp-json\/wp\/v2\/product_tag?post=7013"}],"curies":[{"name":"wp","href":"https:\/\/api.w.org\/{rel}","templated":true}]}}