{"id":7012,"date":"2019-12-10T10:53:22","date_gmt":"2019-12-10T09:53:22","guid":{"rendered":"https:\/\/www.barbiertom.be\/?post_type=product&#038;p=7012"},"modified":"2025-12-09T14:53:03","modified_gmt":"2025-12-09T13:53:03","slug":"suavecito-pomade-original","status":"publish","type":"product","link":"https:\/\/www.barbiertom.be\/fr\/produit\/suavecito-pomade-original\/","title":{"rendered":"Pommade Suavecito Original"},"content":{"rendered":"<p>Tout a commenc\u00e9 avec une pommade - la pommade originale de Suavecito.<\/p>\n<p>Il s&#039;agit d&#039;un produit coiffant \u00e0 base d&#039;eau au parfum unique, formul\u00e9 pour garder vos cheveux en place toute la journ\u00e9e. Il se peigne facilement dans vos cheveux avec sa consistance cr\u00e9meuse et offre une forte adh\u00e9rence pour un dos lisse, un pompadour, une partie lat\u00e9rale ou toute coiffure que vous bercez. Cette pommade est soluble dans l&#039;eau et se lave sans effort en utilisant uniquement de l&#039;eau, laissant vos cheveux intacts. Aucun shampooing ou savon sp\u00e9cial n&#039;est n\u00e9cessaire pour le retrait.<\/p>\n<p>Il s\u00e8che avec une fermet\u00e9 moyenne et une brillance moyenne. Pas de flocons et pas de produits chimiques agressifs. Fi\u00e8rement fabriqu\u00e9 aux \u00c9tats-Unis.<\/p>","protected":false},"excerpt":{"rendered":"<p>Il s&#039;agit d&#039;un produit coiffant \u00e0 base d&#039;eau au parfum unique, formul\u00e9 pour garder vos cheveux en place toute la journ\u00e9e.<\/p>","protected":false},"featured_media":6948,"template":"","meta":{"_exactmetrics_skip_tracking":false,"_exactmetrics_sitenote_active":false,"_exactmetrics_sitenote_note":"","_exactmetrics_sitenote_category":0},"product_brand":[],"product_cat":[301],"product_tag":[320,321,325],"class_list":{"0":"post-7012","1":"product","2":"type-product","3":"status-publish","4":"has-post-thumbnail","6":"product_cat-hair-care","7":"product_tag-balms","8":"product_tag-beards","9":"product_tag-hair","10":"has-thumb","12":"first","13":"instock","14":"shipping-taxable","15":"purchasable","16":"product-type-simple"},"aioseo_notices":[],"_links":{"self":[{"href":"https:\/\/www.barbiertom.be\/fr\/wp-json\/wp\/v2\/product\/7012","targetHints":{"allow":["GET"]}}],"collection":[{"href":"https:\/\/www.barbiertom.be\/fr\/wp-json\/wp\/v2\/product"}],"about":[{"href":"https:\/\/www.barbiertom.be\/fr\/wp-json\/wp\/v2\/types\/product"}],"version-history":[{"count":1,"href":"https:\/\/www.barbiertom.be\/fr\/wp-json\/wp\/v2\/product\/7012\/revisions"}],"predecessor-version":[{"id":19354,"href":"https:\/\/www.barbiertom.be\/fr\/wp-json\/wp\/v2\/product\/7012\/revisions\/19354"}],"wp:featuredmedia":[{"embeddable":true,"href":"https:\/\/www.barbiertom.be\/fr\/wp-json\/wp\/v2\/media\/6948"}],"wp:attachment":[{"href":"https:\/\/www.barbiertom.be\/fr\/wp-json\/wp\/v2\/media?parent=7012"}],"wp:term":[{"taxonomy":"product_brand","embeddable":true,"href":"https:\/\/www.barbiertom.be\/fr\/wp-json\/wp\/v2\/product_brand?post=7012"},{"taxonomy":"product_cat","embeddable":true,"href":"https:\/\/www.barbiertom.be\/fr\/wp-json\/wp\/v2\/product_cat?post=7012"},{"taxonomy":"product_tag","embeddable":true,"href":"https:\/\/www.barbiertom.be\/fr\/wp-json\/wp\/v2\/product_tag?post=7012"}],"curies":[{"name":"wp","href":"https:\/\/api.w.org\/{rel}","templated":true}]}}