{"id":7011,"date":"2019-12-10T10:50:21","date_gmt":"2019-12-10T09:50:21","guid":{"rendered":"https:\/\/www.barbiertom.be\/?post_type=product&#038;p=7011"},"modified":"2025-12-09T14:53:38","modified_gmt":"2025-12-09T13:53:38","slug":"dr-k-beard-soap-woodland","status":"publish","type":"product","link":"https:\/\/www.barbiertom.be\/fr\/produit\/dr-k-beard-soap-woodland\/","title":{"rendered":"Dr. K. Savon \u00e0 barbe Woodland"},"content":{"rendered":"<p>Formul\u00e9 avec tous les ingr\u00e9dients naturels, ce savon liquide doux contient de la pro-vitamine B5 (panth\u00e9nol) et de la glyc\u00e9rine pour une barbe luxueuse et saine avec un \u00e9clat naturel.<\/p>\n<p>Les ingr\u00e9dients comprennent:<br \/>\nProvitamine B5 (panth\u00e9nol): un humectant naturel, le panth\u00e9nol emprisonne l&#039;humidit\u00e9 et emp\u00eache la peau et les cheveux de se d\u00e9shydrater. \u00c9tant donn\u00e9 que le panth\u00e9nol se r\u00e9pand \u00e9galement uniform\u00e9ment sur la surface de la m\u00e8che de cheveux, il forme un film lisse sur les cuticules des cheveux qui am\u00e9liore la r\u00e9flexion de la lumi\u00e8re et rend les cheveux plus brillants.<br \/>\nGlyc\u00e9rine: Un humectant naturel puissant qui emprisonne l&#039;humidit\u00e9 dans les cheveux et la peau.<\/p>\n<p>Avec une utilisation r\u00e9guli\u00e8re, ce nettoyant \u00e0 barbe hautement nourrissant laissera la barbe douce et saine. Bonne odeur aussi - gr\u00e2ce \u00e0 l&#039;ajout d&#039;huiles essentielles de menthe verte et d&#039;eucalyptus.<\/p>\n<p>Pour de meilleurs r\u00e9sultats, appliquez une petite poign\u00e9e sur la barbe sous la douche ou dans le bain, faites mousser et rincez.<\/p>\n<p>Sans colorants, parfums ou conservateurs artificiels.<\/p>\n<p>Fabriqu\u00e9 \u00e0 la main en Irlande selon les directives cosm\u00e9tiques strictes de l&#039;UE.<\/p>","protected":false},"excerpt":{"rendered":"<p>Formul\u00e9 avec tous les ingr\u00e9dients naturels, ce savon liquide doux contient de la pro-vitamine B5 (panth\u00e9nol) et de la glyc\u00e9rine pour une barbe luxueuse et saine avec un \u00e9clat naturel.<\/p>\n<p>Ingr\u00e9di<\/p>","protected":false},"featured_media":6946,"template":"","meta":{"_exactmetrics_skip_tracking":false,"_exactmetrics_sitenote_active":false,"_exactmetrics_sitenote_note":"","_exactmetrics_sitenote_category":0},"product_brand":[],"product_cat":[302,303],"product_tag":[320,321],"class_list":{"0":"post-7011","1":"product","2":"type-product","3":"status-publish","4":"has-post-thumbnail","6":"product_cat-beard-care","7":"product_cat-mustache-care","8":"product_tag-balms","9":"product_tag-beards","10":"has-thumb","12":"first","13":"instock","14":"shipping-taxable","15":"purchasable","16":"product-type-simple"},"aioseo_notices":[],"_links":{"self":[{"href":"https:\/\/www.barbiertom.be\/fr\/wp-json\/wp\/v2\/product\/7011","targetHints":{"allow":["GET"]}}],"collection":[{"href":"https:\/\/www.barbiertom.be\/fr\/wp-json\/wp\/v2\/product"}],"about":[{"href":"https:\/\/www.barbiertom.be\/fr\/wp-json\/wp\/v2\/types\/product"}],"version-history":[{"count":1,"href":"https:\/\/www.barbiertom.be\/fr\/wp-json\/wp\/v2\/product\/7011\/revisions"}],"predecessor-version":[{"id":19355,"href":"https:\/\/www.barbiertom.be\/fr\/wp-json\/wp\/v2\/product\/7011\/revisions\/19355"}],"wp:featuredmedia":[{"embeddable":true,"href":"https:\/\/www.barbiertom.be\/fr\/wp-json\/wp\/v2\/media\/6946"}],"wp:attachment":[{"href":"https:\/\/www.barbiertom.be\/fr\/wp-json\/wp\/v2\/media?parent=7011"}],"wp:term":[{"taxonomy":"product_brand","embeddable":true,"href":"https:\/\/www.barbiertom.be\/fr\/wp-json\/wp\/v2\/product_brand?post=7011"},{"taxonomy":"product_cat","embeddable":true,"href":"https:\/\/www.barbiertom.be\/fr\/wp-json\/wp\/v2\/product_cat?post=7011"},{"taxonomy":"product_tag","embeddable":true,"href":"https:\/\/www.barbiertom.be\/fr\/wp-json\/wp\/v2\/product_tag?post=7011"}],"curies":[{"name":"wp","href":"https:\/\/api.w.org\/{rel}","templated":true}]}}