{"id":6969,"date":"2019-12-02T16:16:12","date_gmt":"2019-12-02T15:16:12","guid":{"rendered":"https:\/\/www.barbiertom.be\/?post_type=product&#038;p=6969"},"modified":"2025-12-09T14:56:08","modified_gmt":"2025-12-09T13:56:08","slug":"dr-k-beard-balm-fresh-lime","status":"publish","type":"product","link":"https:\/\/www.barbiertom.be\/fr\/produit\/dr-k-beard-balm-fresh-lime\/","title":{"rendered":"Dr. K.Baume Barbe Citron Frais"},"content":{"rendered":"<p>Formul\u00e9 avec tous les ingr\u00e9dients naturels, ce baume nourrissant \u00e0 barbe contient du beurre de karit\u00e9 pour le conditionnement de la barbe tandis que l&#039;huile de coco et la vitamine E apaisent et revitalisent la barbe et la peau en dessous. La cire d&#039;abeille contribue \u00e0 la tenue, permet de coiffer la barbe et de minimiser les poils errants \/ sauvages.<\/p>\n<p>Les ingr\u00e9dients comprennent:<br \/>\nBeurre de karit\u00e9: largement utilis\u00e9 comme cr\u00e8me hydratante naturelle (\u00e9molliente) et a \u00e9galement \u00e9t\u00e9 utilis\u00e9 pour le traitement des br\u00fblures et autres affections cutan\u00e9es. Le beurre de karit\u00e9 contient des vitamines A et E, qui pr\u00e9sentent toutes deux de nombreux bienfaits pour la peau et la barbe.<br \/>\nHuile de noix de coco: Une cr\u00e8me hydratante naturelle (\u00e9molliente) souvent utilis\u00e9e pour le traitement des pellicules, des infections cutan\u00e9es et d&#039;autres affections cutan\u00e9es. En raison de ses huiles et de sa teneur \u00e9lev\u00e9e en graisses (environ 90% de graisses satur\u00e9es), il offre des propri\u00e9t\u00e9s hydratantes \u00e9tonnantes et est l&#039;ingr\u00e9dient parfait pour revitaliser la barbe et la peau en dessous.<br \/>\nCire d&#039;abeille: Fondant facilement \u00e0 la temp\u00e9rature du corps, cette cire polyvalente permet de coiffer la barbe et de se fixer lors de l&#039;\u00e9limination de la chaleur des mains.<\/p>\n<p>Avec une utilisation r\u00e9guli\u00e8re, ce baume hautement nourrissant laissera la barbe douce et saine. Tr\u00e8s bonne odeur aussi - gr\u00e2ce \u00e0 l&#039;ajout d&#039;huile essentielle de menthe poivr\u00e9e revigorante. Avec l&#039;ajout de la cire d&#039;abeille, ce baume aidera \u00e9galement \u00e0 garder les poils errants sous contr\u00f4le et permettra un style de barbe optimal.<\/p>\n<p>Pour de meilleurs r\u00e9sultats, faites fondre une petite quantit\u00e9 dans les mains et appliquez quotidiennement, en massant sur toute la barbe et sur la peau en dessous. Peignez \/ Brossez et coiffez comme vous le souhaitez.<\/p>\n<p>Sans colorants, parfums ou conservateurs artificiels.<\/p>\n<p>Fabriqu\u00e9 \u00e0 la main en Irlande selon les directives cosm\u00e9tiques strictes de l&#039;UE.<\/p>\n<div id=\"ConnectiveDocSignExtentionInstalled\" data-extension-version=\"1.0.4\"><\/div>\n<div id=\"ConnectiveDocSignExtentionInstalled\" data-extension-version=\"1.0.4\"><\/div>","protected":false},"excerpt":{"rendered":"<p>Formul\u00e9 avec tous les ingr\u00e9dients naturels, ce baume nourrissant \u00e0 barbe contient du beurre de karit\u00e9 pour le conditionnement de la barbe tandis que l&#039;huile de coco et la vitamine E apaisent et revitalisent la barbe et la peau en dessous. La cire d&#039;abeille contribue \u00e0 la tenue, permet de coiffer la barbe et de minimiser les poils errants \/ sauvages.<\/p>\n<div id=\"ConnectiveDocSignExtentionInstalled\" data-extension-version=\"1.0.4\"><\/div>\n<div id=\"ConnectiveDocSignExtentionInstalled\" data-extension-version=\"1.0.4\"><\/div>","protected":false},"featured_media":6940,"template":"","meta":{"_exactmetrics_skip_tracking":false,"_exactmetrics_sitenote_active":false,"_exactmetrics_sitenote_note":"","_exactmetrics_sitenote_category":0},"product_brand":[],"product_cat":[302,303],"product_tag":[320,321],"class_list":{"0":"post-6969","1":"product","2":"type-product","3":"status-publish","4":"has-post-thumbnail","6":"product_cat-beard-care","7":"product_cat-mustache-care","8":"product_tag-balms","9":"product_tag-beards","10":"has-thumb","12":"first","13":"instock","14":"shipping-taxable","15":"purchasable","16":"product-type-simple"},"aioseo_notices":[],"_links":{"self":[{"href":"https:\/\/www.barbiertom.be\/fr\/wp-json\/wp\/v2\/product\/6969","targetHints":{"allow":["GET"]}}],"collection":[{"href":"https:\/\/www.barbiertom.be\/fr\/wp-json\/wp\/v2\/product"}],"about":[{"href":"https:\/\/www.barbiertom.be\/fr\/wp-json\/wp\/v2\/types\/product"}],"version-history":[{"count":1,"href":"https:\/\/www.barbiertom.be\/fr\/wp-json\/wp\/v2\/product\/6969\/revisions"}],"predecessor-version":[{"id":19361,"href":"https:\/\/www.barbiertom.be\/fr\/wp-json\/wp\/v2\/product\/6969\/revisions\/19361"}],"wp:featuredmedia":[{"embeddable":true,"href":"https:\/\/www.barbiertom.be\/fr\/wp-json\/wp\/v2\/media\/6940"}],"wp:attachment":[{"href":"https:\/\/www.barbiertom.be\/fr\/wp-json\/wp\/v2\/media?parent=6969"}],"wp:term":[{"taxonomy":"product_brand","embeddable":true,"href":"https:\/\/www.barbiertom.be\/fr\/wp-json\/wp\/v2\/product_brand?post=6969"},{"taxonomy":"product_cat","embeddable":true,"href":"https:\/\/www.barbiertom.be\/fr\/wp-json\/wp\/v2\/product_cat?post=6969"},{"taxonomy":"product_tag","embeddable":true,"href":"https:\/\/www.barbiertom.be\/fr\/wp-json\/wp\/v2\/product_tag?post=6969"}],"curies":[{"name":"wp","href":"https:\/\/api.w.org\/{rel}","templated":true}]}}