{"id":7813,"date":"2020-12-12T11:33:27","date_gmt":"2020-12-12T10:33:27","guid":{"rendered":"https:\/\/www.barbiertom.be\/?post_type=product&#038;p=7813"},"modified":"2025-12-09T14:25:54","modified_gmt":"2025-12-09T13:25:54","slug":"cadeaubox-met-knipbeurt-full-service-scheerbeurt","status":"publish","type":"product","link":"http:\/\/www.barbiertom.be\/fr\/produit\/cadeaubox-met-knipbeurt-full-service-scheerbeurt\/","title":{"rendered":"COFFRET CADEAU AVEC COUPE ET RASAGE COMPLET"},"content":{"rendered":"<p>Tr\u00e8s belle box pour papa qui sera assur\u00e9ment super content du full service rasage et coupe de cheveux. Cela consiste en un CUT &amp; SHAVE avec un rasoir ouvert et des chiffons froids et chauds. En attendant ce chouchoutage, il peut d\u00e9j\u00e0 d\u00e9guster chez lui 2 savoureuses bi\u00e8res EXPORT SCHELFAUT avec un verre adapt\u00e9.<\/p>\n<div id=\"ConnectiveDocSignExtentionInstalled\" data-extension-version=\"1.0.4\"><\/div>\n<div id=\"ConnectiveDocSignExtentionInstalled\" data-extension-version=\"1.0.4\"><\/div>\n<div id=\"ConnectiveDocSignExtentionInstalled\" data-extension-version=\"1.0.4\"><\/div>\n<div id=\"ConnectiveDocSignExtentionInstalled\" data-extension-version=\"1.0.4\"><\/div>\n<div id=\"ConnectiveDocSignExtentionInstalled\" data-extension-version=\"1.0.4\"><\/div>\n<div id=\"ConnectiveDocSignExtentionInstalled\" data-extension-version=\"1.0.4\"><\/div>\n<div id=\"ConnectiveDocSignExtentionInstalled\" data-extension-version=\"1.0.4\"><\/div>\n<div id=\"ConnectiveDocSignExtentionInstalled\" data-extension-version=\"1.0.4\"><\/div>\n<div id=\"ConnectiveDocSignExtentionInstalled\" data-extension-version=\"1.0.4\"><\/div>\n<div id=\"ConnectiveDocSignExtentionInstalled\" data-extension-version=\"1.0.4\"><\/div>\n<div id=\"ConnectiveDocSignExtentionInstalled\" data-extension-version=\"1.0.4\"><\/div>\n<div id=\"ConnectiveDocSignExtentionInstalled\" data-extension-version=\"1.0.4\"><\/div>\n<div id=\"ConnectiveDocSignExtentionInstalled\" data-extension-version=\"1.0.4\"><\/div>\n<div id=\"ConnectiveDocSignExtentionInstalled\" data-extension-version=\"1.0.4\"><\/div>","protected":false},"excerpt":{"rendered":"<p>Magnifique coffret cadeau noir avec coupon pour couper et raser et 2 bi\u00e8res Fourchette avec verre adapt\u00e9.<\/p>\n<div id=\"ConnectiveDocSignExtentionInstalled\" data-extension-version=\"1.0.4\"><\/div>\n<div id=\"ConnectiveDocSignExtentionInstalled\" data-extension-version=\"1.0.4\"><\/div>\n<div id=\"ConnectiveDocSignExtentionInstalled\" data-extension-version=\"1.0.4\"><\/div>\n<div id=\"ConnectiveDocSignExtentionInstalled\" data-extension-version=\"1.0.4\"><\/div>\n<div id=\"ConnectiveDocSignExtentionInstalled\" data-extension-version=\"1.0.4\"><\/div>\n<div id=\"ConnectiveDocSignExtentionInstalled\" data-extension-version=\"1.0.4\"><\/div>\n<div id=\"ConnectiveDocSignExtentionInstalled\" data-extension-version=\"1.0.4\"><\/div>\n<div id=\"ConnectiveDocSignExtentionInstalled\" data-extension-version=\"1.0.4\"><\/div>\n<div id=\"ConnectiveDocSignExtentionInstalled\" data-extension-version=\"1.0.4\"><\/div>\n<div id=\"ConnectiveDocSignExtentionInstalled\" data-extension-version=\"1.0.4\"><\/div>\n<div id=\"ConnectiveDocSignExtentionInstalled\" data-extension-version=\"1.0.4\"><\/div>\n<div id=\"ConnectiveDocSignExtentionInstalled\" data-extension-version=\"1.0.4\"><\/div>\n<div id=\"ConnectiveDocSignExtentionInstalled\" data-extension-version=\"1.0.4\"><\/div>\n<div id=\"ConnectiveDocSignExtentionInstalled\" data-extension-version=\"1.0.4\"><\/div>","protected":false},"featured_media":9212,"template":"","meta":{"_exactmetrics_skip_tracking":false,"_exactmetrics_sitenote_active":false,"_exactmetrics_sitenote_note":"","_exactmetrics_sitenote_category":0},"product_brand":[],"product_cat":[339,344,306],"product_tag":[321,345,325],"class_list":{"0":"post-7813","1":"product","2":"type-product","3":"status-publish","4":"has-post-thumbnail","6":"product_cat-cadeaubon","7":"product_cat-cadeaubox","8":"product_cat-gift-sets","9":"product_tag-beards","10":"product_tag-cadeaubox","11":"product_tag-hair","12":"has-thumb","14":"first","15":"instock","16":"shipping-taxable","17":"purchasable","18":"product-type-simple"},"aioseo_notices":[],"_links":{"self":[{"href":"http:\/\/www.barbiertom.be\/fr\/wp-json\/wp\/v2\/product\/7813","targetHints":{"allow":["GET"]}}],"collection":[{"href":"http:\/\/www.barbiertom.be\/fr\/wp-json\/wp\/v2\/product"}],"about":[{"href":"http:\/\/www.barbiertom.be\/fr\/wp-json\/wp\/v2\/types\/product"}],"version-history":[{"count":1,"href":"http:\/\/www.barbiertom.be\/fr\/wp-json\/wp\/v2\/product\/7813\/revisions"}],"predecessor-version":[{"id":19313,"href":"http:\/\/www.barbiertom.be\/fr\/wp-json\/wp\/v2\/product\/7813\/revisions\/19313"}],"wp:featuredmedia":[{"embeddable":true,"href":"http:\/\/www.barbiertom.be\/fr\/wp-json\/wp\/v2\/media\/9212"}],"wp:attachment":[{"href":"http:\/\/www.barbiertom.be\/fr\/wp-json\/wp\/v2\/media?parent=7813"}],"wp:term":[{"taxonomy":"product_brand","embeddable":true,"href":"http:\/\/www.barbiertom.be\/fr\/wp-json\/wp\/v2\/product_brand?post=7813"},{"taxonomy":"product_cat","embeddable":true,"href":"http:\/\/www.barbiertom.be\/fr\/wp-json\/wp\/v2\/product_cat?post=7813"},{"taxonomy":"product_tag","embeddable":true,"href":"http:\/\/www.barbiertom.be\/fr\/wp-json\/wp\/v2\/product_tag?post=7813"}],"curies":[{"name":"wp","href":"https:\/\/api.w.org\/{rel}","templated":true}]}}