{"id":7600,"date":"2020-06-10T11:18:07","date_gmt":"2020-06-10T10:18:07","guid":{"rendered":"https:\/\/www.barbiertom.be\/?post_type=product&#038;p=7600"},"modified":"2025-12-09T14:28:15","modified_gmt":"2025-12-09T13:28:15","slug":"box-cool-mint","status":"publish","type":"product","link":"http:\/\/www.barbiertom.be\/fr\/produit\/box-cool-mint\/","title":{"rendered":"CADEAUBOX  DR K COOL MINT"},"content":{"rendered":"<p>Le syst\u00e8me de soin de la barbe du Dr K est la solution compl\u00e8te 1-2-3 pour le soin et le toilettage de la barbe. Formul\u00e9 avec tous les ingr\u00e9dients naturels, vous pouvez suivre une routine de soin de la barbe simple pour vous assurer que vous \u00eates toujours \u00e0 votre meilleur.<\/p>\n<p>Commencez par utiliser notre savon \u00e0 barbe pour laver et nettoyer la barbe. Poursuivez avec une pinc\u00e9e de Beard Tonic pour revitaliser et nourrir la barbe et la peau en dessous. Enfin, appliquez le baume \u00e0 barbe pour prot\u00e9ger, coiffer et apprivoiser. Peignez ou brossez et vous \u00eates pr\u00eat!<\/p>\n<p>Disponible dans le familier et populaire Dr. K. Savon parfume menthe fra\u00eeche, citron vert frais et bois\u00e9.<\/p>\n<div id=\"ConnectiveDocSignExtentionInstalled\" data-extension-version=\"1.0.4\"><\/div>\n<div id=\"ConnectiveDocSignExtentionInstalled\" data-extension-version=\"1.0.4\"><\/div>\n<div id=\"ConnectiveDocSignExtentionInstalled\" data-extension-version=\"1.0.4\"><\/div>\n<div id=\"ConnectiveDocSignExtentionInstalled\" data-extension-version=\"1.0.4\"><\/div>","protected":false},"excerpt":{"rendered":"<p>Le syst\u00e8me de soin de la barbe du Dr K est la solution compl\u00e8te 1-2-3 pour le soin et le toilettage de la barbe. Formul\u00e9 avec tous les ingr\u00e9dients naturels, vous pouvez suivre une routine de soin de la barbe simple pour vous assurer que vous \u00eates toujours \u00e0 votre meilleur.<\/p>\n<p>Commencez par utiliser notre savon \u00e0 barbe pour laver et nettoyer la barbe. Poursuivez avec une pinc\u00e9e de Beard Tonic pour revitaliser et nourrir la barbe et la peau en dessous. Enfin, appliquez le baume \u00e0 barbe pour prot\u00e9ger, coiffer et apprivoiser. Peignez ou brossez et vous \u00eates pr\u00eat!<\/p>\n<p>Disponible dans le familier et populaire Dr. K. Savon parfume menthe fra\u00eeche, citron vert frais et bois\u00e9.<\/p>\n<div id=\"ConnectiveDocSignExtentionInstalled\" data-extension-version=\"1.0.4\"><\/div>\n<div id=\"ConnectiveDocSignExtentionInstalled\" data-extension-version=\"1.0.4\"><\/div>\n<div id=\"ConnectiveDocSignExtentionInstalled\" data-extension-version=\"1.0.4\"><\/div>\n<div id=\"ConnectiveDocSignExtentionInstalled\" data-extension-version=\"1.0.4\"><\/div>","protected":false},"featured_media":7781,"template":"","meta":{"_exactmetrics_skip_tracking":false,"_exactmetrics_sitenote_active":false,"_exactmetrics_sitenote_note":"","_exactmetrics_sitenote_category":0},"product_brand":[],"product_cat":[344,302,303,306],"product_tag":[320,321,345,325],"class_list":{"0":"post-7600","1":"product","2":"type-product","3":"status-publish","4":"has-post-thumbnail","6":"product_cat-cadeaubox","7":"product_cat-beard-care","8":"product_cat-mustache-care","9":"product_cat-gift-sets","10":"product_tag-balms","11":"product_tag-beards","12":"product_tag-cadeaubox","13":"product_tag-hair","14":"has-thumb","16":"first","17":"instock","18":"shipping-taxable","19":"purchasable","20":"product-type-simple"},"aioseo_notices":[],"_links":{"self":[{"href":"http:\/\/www.barbiertom.be\/fr\/wp-json\/wp\/v2\/product\/7600","targetHints":{"allow":["GET"]}}],"collection":[{"href":"http:\/\/www.barbiertom.be\/fr\/wp-json\/wp\/v2\/product"}],"about":[{"href":"http:\/\/www.barbiertom.be\/fr\/wp-json\/wp\/v2\/types\/product"}],"version-history":[{"count":1,"href":"http:\/\/www.barbiertom.be\/fr\/wp-json\/wp\/v2\/product\/7600\/revisions"}],"predecessor-version":[{"id":19316,"href":"http:\/\/www.barbiertom.be\/fr\/wp-json\/wp\/v2\/product\/7600\/revisions\/19316"}],"wp:featuredmedia":[{"embeddable":true,"href":"http:\/\/www.barbiertom.be\/fr\/wp-json\/wp\/v2\/media\/7781"}],"wp:attachment":[{"href":"http:\/\/www.barbiertom.be\/fr\/wp-json\/wp\/v2\/media?parent=7600"}],"wp:term":[{"taxonomy":"product_brand","embeddable":true,"href":"http:\/\/www.barbiertom.be\/fr\/wp-json\/wp\/v2\/product_brand?post=7600"},{"taxonomy":"product_cat","embeddable":true,"href":"http:\/\/www.barbiertom.be\/fr\/wp-json\/wp\/v2\/product_cat?post=7600"},{"taxonomy":"product_tag","embeddable":true,"href":"http:\/\/www.barbiertom.be\/fr\/wp-json\/wp\/v2\/product_tag?post=7600"}],"curies":[{"name":"wp","href":"https:\/\/api.w.org\/{rel}","templated":true}]}}