{"id":7449,"date":"2020-04-17T20:07:25","date_gmt":"2020-04-17T19:07:25","guid":{"rendered":"https:\/\/www.barbiertom.be\/?post_type=product&#038;p=7449"},"modified":"2022-03-17T13:08:37","modified_gmt":"2022-03-17T12:08:37","slug":"reuzel-grooming-tonic-l","status":"publish","type":"product","link":"http:\/\/www.barbiertom.be\/fr\/produit\/reuzel-grooming-tonic-l\/","title":{"rendered":"Reuzel Grooming Tonic XL"},"content":{"rendered":"<p>Reuzel Grooming Tonic cr\u00e9e une tenue durable et naturelle pour tous les types de cheveux. Parfait pour le brushing, et prot\u00e8ge les cheveux de tous les types de coiffage thermique. T4 Tonic M\u00e9lange d&#039;hamam\u00e9lis, feuille d&#039;ortie, romarin et racine de pr\u00eale est id\u00e9al pour tous les types de cheveux et un usage fr\u00e9quent.<\/p>\n<p>La formule du spray est le m\u00eame produit dans un flacon pulv\u00e9risateur pratique et juste un peu plus l\u00e9ger que le tonique de toilettage standard. Ceci est id\u00e9al pour les cheveux plus fins et textur\u00e9s.<\/p>\n<p>LA PANNE:<\/p>\n<p>\u2022 Tonique par excellence pour le brushing<\/p>\n<p>\u2022 Id\u00e9al pour le volume, le lift et la texture<\/p>\n<p>\u2022 Vous aidera \u00e0 former le parfait pompadour<\/p>\n<p>INGR\u00c9DIENTS CL\u00c9S:<\/p>\n<p>M\u00e9lange Tonique T-4<\/p>\n<p>Extrait d&#039;hamam\u00e9lis: astringent naturel<\/p>\n<p>Extrait de feuille d&#039;ortie: ajoute de la brillance<\/p>\n<p>Extrait de romarin: hydratant<\/p>\n<p>Extrait de racine de pr\u00eale: fortifiant<\/p>\n<p>Huile d&#039;argan: acide gras om\u00e9ga 9 pour r\u00e9parer et<\/p>\n<p>favorise la force, ajoute du volume et soul\u00e8ve<\/p>\n<p>LA DESCENTE:<\/p>\n<p>Versez le tonique de toilettage dans la paume de la main, frottez les mains, appliquez sur cheveux humides et s\u00e9chez. Pour un coiffage plus naturel, utilisez uniquement le Grooming Tonic et s\u00e9chez les cheveux \u00e0 l&#039;air.<\/p>","protected":false},"excerpt":{"rendered":"<p data-children-count=\"0\">Reuzel Grooming Tonic cr\u00e9e une tenue durable et naturelle pour tous les types de cheveux. Parfait pour le brushing, et prot\u00e8ge les cheveux de tous les types de coiffage thermique. T4 Tonic M\u00e9lange d&#039;hamam\u00e9lis, feuille d&#039;ortie, romarin et racine de pr\u00eale est id\u00e9al pour tous les types de cheveux et un usage fr\u00e9quent.<\/p>","protected":false},"featured_media":7450,"template":"","meta":{"_exactmetrics_skip_tracking":false,"_exactmetrics_sitenote_active":false,"_exactmetrics_sitenote_note":"","_exactmetrics_sitenote_category":0},"product_brand":[],"product_cat":[301],"product_tag":[320,321,325],"class_list":{"0":"post-7449","1":"product","2":"type-product","3":"status-publish","4":"has-post-thumbnail","6":"product_cat-hair-care","7":"product_tag-balms","8":"product_tag-beards","9":"product_tag-hair","10":"has-thumb","12":"first","13":"outofstock","14":"shipping-taxable","15":"purchasable","16":"product-type-simple"},"aioseo_notices":[],"_links":{"self":[{"href":"http:\/\/www.barbiertom.be\/fr\/wp-json\/wp\/v2\/product\/7449","targetHints":{"allow":["GET"]}}],"collection":[{"href":"http:\/\/www.barbiertom.be\/fr\/wp-json\/wp\/v2\/product"}],"about":[{"href":"http:\/\/www.barbiertom.be\/fr\/wp-json\/wp\/v2\/types\/product"}],"version-history":[{"count":0,"href":"http:\/\/www.barbiertom.be\/fr\/wp-json\/wp\/v2\/product\/7449\/revisions"}],"wp:featuredmedia":[{"embeddable":true,"href":"http:\/\/www.barbiertom.be\/fr\/wp-json\/wp\/v2\/media\/7450"}],"wp:attachment":[{"href":"http:\/\/www.barbiertom.be\/fr\/wp-json\/wp\/v2\/media?parent=7449"}],"wp:term":[{"taxonomy":"product_brand","embeddable":true,"href":"http:\/\/www.barbiertom.be\/fr\/wp-json\/wp\/v2\/product_brand?post=7449"},{"taxonomy":"product_cat","embeddable":true,"href":"http:\/\/www.barbiertom.be\/fr\/wp-json\/wp\/v2\/product_cat?post=7449"},{"taxonomy":"product_tag","embeddable":true,"href":"http:\/\/www.barbiertom.be\/fr\/wp-json\/wp\/v2\/product_tag?post=7449"}],"curies":[{"name":"wp","href":"https:\/\/api.w.org\/{rel}","templated":true}]}}