{"id":7441,"date":"2020-04-17T20:01:37","date_gmt":"2020-04-17T19:01:37","guid":{"rendered":"https:\/\/www.barbiertom.be\/?post_type=product&#038;p=7441"},"modified":"2020-11-30T11:28:43","modified_gmt":"2020-11-30T10:28:43","slug":"reuzel-daily-shampoo-s","status":"publish","type":"product","link":"http:\/\/www.barbiertom.be\/fr\/produit\/reuzel-daily-shampoo-s\/","title":{"rendered":"Shampooing quotidien au saindoux S."},"content":{"rendered":"<p data-children-count=\"0\">Envie de recommencer chaque jour \u00e0 neuf? Voil\u00e0, mon ami. Le shampooing quotidien Reuzel nettoie sans d\u00e9caper. \u00c7a sent bon. Et notre m\u00e9lange tonique T4 d&#039;extraits d&#039;hamam\u00e9lis, de feuille d&#039;ortie, de romarin et de racine de pr\u00eale vous laissera une chevelure plus forte et plus brillante.<\/p>\n<p data-children-count=\"0\">100 ml<\/p>\n<p data-children-count=\"0\">NETTOIE - HYDRATATION - REFROIDIT ET STIMULE<\/p>\n<ul data-children-count=\"0\">\n<li>\u00c9quilibr\u00e9 pour un d\u00e9graissage efficace<\/li>\n<li>Le m\u00e9lange tonique T4 nettoie et ajoute de la brillance<\/li>\n<li>Peut \u00eatre utilis\u00e9 comme nettoyant pour le corps<\/li>\n<\/ul>","protected":false},"excerpt":{"rendered":"<p data-children-count=\"0\">Envie de recommencer chaque jour \u00e0 neuf? Voil\u00e0, mon ami. Le shampooing quotidien Reuzel nettoie sans d\u00e9caper. \u00c7a sent bon. Et notre m\u00e9lange tonique T4 d&#039;extraits d&#039;hamam\u00e9lis, de feuille d&#039;ortie, de romarin et de racine de pr\u00eale vous laissera une chevelure plus forte et plus brillante.<\/p>\n<p data-children-count=\"0\">\u00e9galement disponible en 350 ml et 1000 ml.<\/p>\n<p data-children-count=\"0\">NETTOIE - HYDRATATION - REFROIDIT ET STIMULE<\/p>\n<ul data-children-count=\"0\">\n<li>\u00c9quilibr\u00e9 pour un d\u00e9graissage efficace<\/li>\n<li>Le m\u00e9lange tonique T4 nettoie et ajoute de la brillance<\/li>\n<li>Peut \u00eatre utilis\u00e9 comme nettoyant pour le corps<\/li>\n<\/ul>","protected":false},"featured_media":7443,"template":"","meta":{"_exactmetrics_skip_tracking":false,"_exactmetrics_sitenote_active":false,"_exactmetrics_sitenote_note":"","_exactmetrics_sitenote_category":0},"product_brand":[],"product_cat":[301],"product_tag":[320,321,325],"class_list":{"0":"post-7441","1":"product","2":"type-product","3":"status-publish","4":"has-post-thumbnail","6":"product_cat-hair-care","7":"product_tag-balms","8":"product_tag-beards","9":"product_tag-hair","10":"has-thumb","12":"first","13":"outofstock","14":"shipping-taxable","15":"purchasable","16":"product-type-simple"},"aioseo_notices":[],"_links":{"self":[{"href":"http:\/\/www.barbiertom.be\/fr\/wp-json\/wp\/v2\/product\/7441","targetHints":{"allow":["GET"]}}],"collection":[{"href":"http:\/\/www.barbiertom.be\/fr\/wp-json\/wp\/v2\/product"}],"about":[{"href":"http:\/\/www.barbiertom.be\/fr\/wp-json\/wp\/v2\/types\/product"}],"version-history":[{"count":0,"href":"http:\/\/www.barbiertom.be\/fr\/wp-json\/wp\/v2\/product\/7441\/revisions"}],"wp:featuredmedia":[{"embeddable":true,"href":"http:\/\/www.barbiertom.be\/fr\/wp-json\/wp\/v2\/media\/7443"}],"wp:attachment":[{"href":"http:\/\/www.barbiertom.be\/fr\/wp-json\/wp\/v2\/media?parent=7441"}],"wp:term":[{"taxonomy":"product_brand","embeddable":true,"href":"http:\/\/www.barbiertom.be\/fr\/wp-json\/wp\/v2\/product_brand?post=7441"},{"taxonomy":"product_cat","embeddable":true,"href":"http:\/\/www.barbiertom.be\/fr\/wp-json\/wp\/v2\/product_cat?post=7441"},{"taxonomy":"product_tag","embeddable":true,"href":"http:\/\/www.barbiertom.be\/fr\/wp-json\/wp\/v2\/product_tag?post=7441"}],"curies":[{"name":"wp","href":"https:\/\/api.w.org\/{rel}","templated":true}]}}