{"id":7366,"date":"2020-04-03T13:06:54","date_gmt":"2020-04-03T12:06:54","guid":{"rendered":"https:\/\/www.barbiertom.be\/?post_type=product&#038;p=7366"},"modified":"2021-04-08T22:23:25","modified_gmt":"2021-04-08T21:23:25","slug":"reuzel-surf-tonic-l","status":"publish","type":"product","link":"http:\/\/www.barbiertom.be\/fr\/produit\/reuzel-surf-tonic-l\/","title":{"rendered":"Reuzel Surf Tonic L."},"content":{"rendered":"<p data-children-count=\"0\">Le spray Reuzel Surf Tonic ajoute une adh\u00e9rence et un volume qui exag\u00e8rent la texture naturelle des cheveux, laissant les cheveux avec un fini mat.<\/p>\n<p><b>LA PANNE:<\/b><\/p>\n<p data-children-count=\"0\">\u2022 Ajoute de la texture et du volume<\/p>\n<p data-children-count=\"0\">\u2022 Fini mat<\/p>\n<p data-children-count=\"0\">\u2022 Peut \u00eatre superpos\u00e9 avec tout autre produit de saindoux<\/p>\n<p data-children-count=\"0\"><b>INGR\u00c9DIENTS CL\u00c9S:<\/b><\/p>\n<p data-children-count=\"0\">M\u00e9lange Tonique T-4<\/p>\n<p data-children-count=\"0\">Extrait d&#039;hamam\u00e9lis: astringent naturel<\/p>\n<p data-children-count=\"0\">Extrait de feuille d&#039;ortie: ajoute de la brillance<\/p>\n<p data-children-count=\"0\">Extrait de romarin: hydratant<\/p>\n<p data-children-count=\"0\">Extrait de racine de pr\u00eale: fortifiant<\/p>\n<p data-children-count=\"0\">M\u00e9lange de copolym\u00e8re unique: offre une m\u00e9moire de style et une tenue optimales<\/p>\n<p data-children-count=\"0\"><b>LA DESCENTE:<\/b><\/p>\n<p data-children-count=\"0\">Travaillez sur cheveux humides ou presque secs; brushing si vous le souhaitez. Pour de meilleurs r\u00e9sultats, vaporisez le produit du milieu de la tige de vos cheveux jusqu&#039;aux pointes.<\/p>","protected":false},"excerpt":{"rendered":"<p>Le spray Reuzel Surf Tonic ajoute une adh\u00e9rence et un volume qui exag\u00e8rent la texture naturelle des cheveux, laissant les cheveux avec un fini mat.<\/p>","protected":false},"featured_media":7434,"template":"","meta":{"_exactmetrics_skip_tracking":false,"_exactmetrics_sitenote_active":false,"_exactmetrics_sitenote_note":"","_exactmetrics_sitenote_category":0},"product_brand":[],"product_cat":[301],"product_tag":[320,321,325],"class_list":{"0":"post-7366","1":"product","2":"type-product","3":"status-publish","4":"has-post-thumbnail","6":"product_cat-hair-care","7":"product_tag-balms","8":"product_tag-beards","9":"product_tag-hair","10":"has-thumb","12":"first","13":"outofstock","14":"shipping-taxable","15":"purchasable","16":"product-type-simple"},"aioseo_notices":[],"_links":{"self":[{"href":"http:\/\/www.barbiertom.be\/fr\/wp-json\/wp\/v2\/product\/7366","targetHints":{"allow":["GET"]}}],"collection":[{"href":"http:\/\/www.barbiertom.be\/fr\/wp-json\/wp\/v2\/product"}],"about":[{"href":"http:\/\/www.barbiertom.be\/fr\/wp-json\/wp\/v2\/types\/product"}],"version-history":[{"count":0,"href":"http:\/\/www.barbiertom.be\/fr\/wp-json\/wp\/v2\/product\/7366\/revisions"}],"wp:featuredmedia":[{"embeddable":true,"href":"http:\/\/www.barbiertom.be\/fr\/wp-json\/wp\/v2\/media\/7434"}],"wp:attachment":[{"href":"http:\/\/www.barbiertom.be\/fr\/wp-json\/wp\/v2\/media?parent=7366"}],"wp:term":[{"taxonomy":"product_brand","embeddable":true,"href":"http:\/\/www.barbiertom.be\/fr\/wp-json\/wp\/v2\/product_brand?post=7366"},{"taxonomy":"product_cat","embeddable":true,"href":"http:\/\/www.barbiertom.be\/fr\/wp-json\/wp\/v2\/product_cat?post=7366"},{"taxonomy":"product_tag","embeddable":true,"href":"http:\/\/www.barbiertom.be\/fr\/wp-json\/wp\/v2\/product_tag?post=7366"}],"curies":[{"name":"wp","href":"https:\/\/api.w.org\/{rel}","templated":true}]}}