{"id":7265,"date":"2020-03-28T10:08:27","date_gmt":"2020-03-28T09:08:27","guid":{"rendered":"https:\/\/www.barbiertom.be\/?post_type=product&#038;p=7265"},"modified":"2025-12-09T14:42:12","modified_gmt":"2025-12-09T13:42:12","slug":"mr-bear-beard-wash-citrus","status":"publish","type":"product","link":"http:\/\/www.barbiertom.be\/fr\/produit\/mr-bear-beard-wash-citrus\/","title":{"rendered":"Monsieur. Beard Wash AGRUMES"},"content":{"rendered":"<p>Un nettoyant doux pour la barbe aussi naturel que possible, \u00e0 base de tensioactifs d&#039;origine v\u00e9g\u00e9tale. Apaisant sur les peaux irrit\u00e9es, hydratantes, propri\u00e9t\u00e9s anti-inflammatoires et donne \u00e0 votre barbe un aspect plus plein et plus luxuriant. Combinez le Beard Wash avec Mr. Bear Family Beard Brew and Beard Balm et donnez \u00e0 votre barbe un \u00e9clat d&#039;excellence.<\/p>\n<p>Se d\u00e9cline en trois parfums:<\/p>\n<ul>\n<li><b>Agrumes<\/b>\u00a0a un d\u00e9licieux parfum d&#039;agrumes fra\u00eechement cueillis.<\/li>\n<li><b>R\u00e9gion sauvage<\/b>\u00a0a un d\u00e9licieux parfum de collines verdoyantes, de lavande et de bois.<\/li>\n<li><b>Des bois<\/b>\u00a0a un parfum d\u00e9licieux d&#039;une for\u00eat de pins d&#039;\u00e9t\u00e9 fra\u00eeche.<\/li>\n<\/ul>\n<p>Application:<br \/>\nAppliquer sur la barbe mouill\u00e9e. Pompez une petite quantit\u00e9 dans votre main et massez-la dans votre barbe. Rincer \u00e0 l&#039;eau.<\/p>","protected":false},"excerpt":{"rendered":"<p>Un nettoyant doux pour la barbe aussi naturel que possible, \u00e0 base de tensioactifs d&#039;origine v\u00e9g\u00e9tale. Apaisant sur les peaux irrit\u00e9es, hydratantes, propri\u00e9t\u00e9s anti-inflammatoires et donne \u00e0 votre barbe un aspect plus plein et plus luxuriant. Combinez le Beard Wash avec Mr. Bear Family Beard Brew and Beard Balm et donnez \u00e0 votre barbe un \u00e9clat d&#039;excellence.<\/p>\n<p>&nbsp;<\/p>","protected":false},"featured_media":7268,"template":"","meta":{"_exactmetrics_skip_tracking":false,"_exactmetrics_sitenote_active":false,"_exactmetrics_sitenote_note":"","_exactmetrics_sitenote_category":0},"product_brand":[],"product_cat":[302],"product_tag":[320,321,325],"class_list":{"0":"post-7265","1":"product","2":"type-product","3":"status-publish","4":"has-post-thumbnail","6":"product_cat-beard-care","7":"product_tag-balms","8":"product_tag-beards","9":"product_tag-hair","10":"has-thumb","12":"first","13":"instock","14":"shipping-taxable","15":"purchasable","16":"product-type-simple"},"aioseo_notices":[],"_links":{"self":[{"href":"http:\/\/www.barbiertom.be\/fr\/wp-json\/wp\/v2\/product\/7265","targetHints":{"allow":["GET"]}}],"collection":[{"href":"http:\/\/www.barbiertom.be\/fr\/wp-json\/wp\/v2\/product"}],"about":[{"href":"http:\/\/www.barbiertom.be\/fr\/wp-json\/wp\/v2\/types\/product"}],"version-history":[{"count":1,"href":"http:\/\/www.barbiertom.be\/fr\/wp-json\/wp\/v2\/product\/7265\/revisions"}],"predecessor-version":[{"id":19336,"href":"http:\/\/www.barbiertom.be\/fr\/wp-json\/wp\/v2\/product\/7265\/revisions\/19336"}],"wp:featuredmedia":[{"embeddable":true,"href":"http:\/\/www.barbiertom.be\/fr\/wp-json\/wp\/v2\/media\/7268"}],"wp:attachment":[{"href":"http:\/\/www.barbiertom.be\/fr\/wp-json\/wp\/v2\/media?parent=7265"}],"wp:term":[{"taxonomy":"product_brand","embeddable":true,"href":"http:\/\/www.barbiertom.be\/fr\/wp-json\/wp\/v2\/product_brand?post=7265"},{"taxonomy":"product_cat","embeddable":true,"href":"http:\/\/www.barbiertom.be\/fr\/wp-json\/wp\/v2\/product_cat?post=7265"},{"taxonomy":"product_tag","embeddable":true,"href":"http:\/\/www.barbiertom.be\/fr\/wp-json\/wp\/v2\/product_tag?post=7265"}],"curies":[{"name":"wp","href":"https:\/\/api.w.org\/{rel}","templated":true}]}}