{"id":7262,"date":"2020-03-28T10:05:01","date_gmt":"2020-03-28T09:05:01","guid":{"rendered":"https:\/\/www.barbiertom.be\/?post_type=product&#038;p=7262"},"modified":"2025-12-09T14:44:07","modified_gmt":"2025-12-09T13:44:07","slug":"byrd-texturizing-surfspray-2","status":"publish","type":"product","link":"http:\/\/www.barbiertom.be\/fr\/produit\/byrd-texturizing-surfspray-2\/","title":{"rendered":"Pommade Corleone avec tenue forte"},"content":{"rendered":"<p>Sticky Stuff est la pommade ultime qui maintient les cheveux \u00e0 leur place toute la journ\u00e9e. Convient \u00e0 une large gamme de coiffures, comme le dos lisse ou le quiff avec un look poli.<\/p>\n<p>Formule unique cr\u00e9\u00e9e par les propri\u00e9taires du New York Barbershop. Se rince facilement et ne laisse aucun r\u00e9sidu. Grand parfum frais.<\/p>\n<p>Ni trop dur, ni trop mou\u2026 juste comme il faut!<\/p>","protected":false},"excerpt":{"rendered":"<p>Sticky Stuff est la pommade ultime qui maintient les cheveux \u00e0 leur place toute la journ\u00e9e. Convient \u00e0 une large gamme de coiffures, comme le dos lisse ou le quiff avec un look poli.<\/p>\n<p>Formule unique cr\u00e9\u00e9e par les propri\u00e9taires du New York Barbershop. Se rince facilement et ne laisse aucun r\u00e9sidu. Grand parfum frais.<\/p>\n<p>Ni trop dur, ni trop mou\u2026 juste comme il faut!<\/p>","protected":false},"featured_media":7263,"template":"","meta":{"_exactmetrics_skip_tracking":false,"_exactmetrics_sitenote_active":false,"_exactmetrics_sitenote_note":"","_exactmetrics_sitenote_category":0},"product_brand":[],"product_cat":[301],"product_tag":[320,321,325],"class_list":{"0":"post-7262","1":"product","2":"type-product","3":"status-publish","4":"has-post-thumbnail","6":"product_cat-hair-care","7":"product_tag-balms","8":"product_tag-beards","9":"product_tag-hair","10":"has-thumb","12":"first","13":"instock","14":"shipping-taxable","15":"purchasable","16":"product-type-simple"},"aioseo_notices":[],"_links":{"self":[{"href":"http:\/\/www.barbiertom.be\/fr\/wp-json\/wp\/v2\/product\/7262","targetHints":{"allow":["GET"]}}],"collection":[{"href":"http:\/\/www.barbiertom.be\/fr\/wp-json\/wp\/v2\/product"}],"about":[{"href":"http:\/\/www.barbiertom.be\/fr\/wp-json\/wp\/v2\/types\/product"}],"version-history":[{"count":1,"href":"http:\/\/www.barbiertom.be\/fr\/wp-json\/wp\/v2\/product\/7262\/revisions"}],"predecessor-version":[{"id":19339,"href":"http:\/\/www.barbiertom.be\/fr\/wp-json\/wp\/v2\/product\/7262\/revisions\/19339"}],"wp:featuredmedia":[{"embeddable":true,"href":"http:\/\/www.barbiertom.be\/fr\/wp-json\/wp\/v2\/media\/7263"}],"wp:attachment":[{"href":"http:\/\/www.barbiertom.be\/fr\/wp-json\/wp\/v2\/media?parent=7262"}],"wp:term":[{"taxonomy":"product_brand","embeddable":true,"href":"http:\/\/www.barbiertom.be\/fr\/wp-json\/wp\/v2\/product_brand?post=7262"},{"taxonomy":"product_cat","embeddable":true,"href":"http:\/\/www.barbiertom.be\/fr\/wp-json\/wp\/v2\/product_cat?post=7262"},{"taxonomy":"product_tag","embeddable":true,"href":"http:\/\/www.barbiertom.be\/fr\/wp-json\/wp\/v2\/product_tag?post=7262"}],"curies":[{"name":"wp","href":"https:\/\/api.w.org\/{rel}","templated":true}]}}