{"id":7015,"date":"2019-12-10T11:00:22","date_gmt":"2019-12-10T10:00:22","guid":{"rendered":"https:\/\/www.barbiertom.be\/?post_type=product&#038;p=7015"},"modified":"2025-12-09T14:50:07","modified_gmt":"2025-12-09T13:50:07","slug":"suavecito-pomade-clay-firme","status":"publish","type":"product","link":"http:\/\/www.barbiertom.be\/fr\/produit\/suavecito-pomade-clay-firme\/","title":{"rendered":"Argile Pommade Suavecito Firme"},"content":{"rendered":"<p>La sortie de notre Suavecito Matte Pomade a cr\u00e9\u00e9 une temp\u00eate d&#039;int\u00e9r\u00eat, et avec cela, les voix ont demand\u00e9 une pommade mate avec une tenue plus forte. La pommade d&#039;argile Suavecito Firme est notre r\u00e9ponse. La pommade \u00e0 l&#039;argile Firme ajoute texture, d\u00e9finition et tenue sans laisser les cheveux secs ou raides. La formule mate donne un style plus simple tout en offrant suffisamment de tenue pour sculpter les cheveux en place. L&#039;argile est id\u00e9ale pour les cheveux fins qui ont du mal \u00e0 tenir un style, ou les cheveux courts \u00e0 moyens qui ont besoin d&#039;un peu plus d&#039;adh\u00e9rence. Instructions: Commencez avec les cheveux secs. Mettez une quantit\u00e9 de pommade de la taille d&#039;un ongle dans les mains et r\u00e9chauffez-la entre les paumes - cette \u00e9tape est particuli\u00e8rement importante avec cette formule \u00e9paisse. Travaillez d&#039;abord sur les pointes des cheveux, puis vers les racines, en r\u00e9partissant le produit sur les cheveux. Utilisez vos doigts pour peigner les cheveux en place, ou \u00e9bouriffez et tordez les cheveux pour un look plus naturel. Vous pouvez \u00e9galement finir avec un peigne pour un style plus soign\u00e9. Fini naturel et mat - sans brillance Tenue solide qui dure toute la journ\u00e9e Se lave avec juste de l&#039;eau Parfum signature Suavecito<\/p>","protected":false},"excerpt":{"rendered":"<p>La pommade \u00e0 l&#039;argile Firme ajoute de la texture, de la d\u00e9finition et de la tenue sans laisser les cheveux secs ou raides.<\/p>","protected":false},"featured_media":6950,"template":"","meta":{"_exactmetrics_skip_tracking":false,"_exactmetrics_sitenote_active":false,"_exactmetrics_sitenote_note":"","_exactmetrics_sitenote_category":0},"product_brand":[],"product_cat":[301],"product_tag":[320,321,325],"class_list":{"0":"post-7015","1":"product","2":"type-product","3":"status-publish","4":"has-post-thumbnail","6":"product_cat-hair-care","7":"product_tag-balms","8":"product_tag-beards","9":"product_tag-hair","10":"has-thumb","12":"first","13":"instock","14":"shipping-taxable","15":"purchasable","16":"product-type-simple"},"aioseo_notices":[],"_links":{"self":[{"href":"http:\/\/www.barbiertom.be\/fr\/wp-json\/wp\/v2\/product\/7015","targetHints":{"allow":["GET"]}}],"collection":[{"href":"http:\/\/www.barbiertom.be\/fr\/wp-json\/wp\/v2\/product"}],"about":[{"href":"http:\/\/www.barbiertom.be\/fr\/wp-json\/wp\/v2\/types\/product"}],"version-history":[{"count":1,"href":"http:\/\/www.barbiertom.be\/fr\/wp-json\/wp\/v2\/product\/7015\/revisions"}],"predecessor-version":[{"id":19351,"href":"http:\/\/www.barbiertom.be\/fr\/wp-json\/wp\/v2\/product\/7015\/revisions\/19351"}],"wp:featuredmedia":[{"embeddable":true,"href":"http:\/\/www.barbiertom.be\/fr\/wp-json\/wp\/v2\/media\/6950"}],"wp:attachment":[{"href":"http:\/\/www.barbiertom.be\/fr\/wp-json\/wp\/v2\/media?parent=7015"}],"wp:term":[{"taxonomy":"product_brand","embeddable":true,"href":"http:\/\/www.barbiertom.be\/fr\/wp-json\/wp\/v2\/product_brand?post=7015"},{"taxonomy":"product_cat","embeddable":true,"href":"http:\/\/www.barbiertom.be\/fr\/wp-json\/wp\/v2\/product_cat?post=7015"},{"taxonomy":"product_tag","embeddable":true,"href":"http:\/\/www.barbiertom.be\/fr\/wp-json\/wp\/v2\/product_tag?post=7015"}],"curies":[{"name":"wp","href":"https:\/\/api.w.org\/{rel}","templated":true}]}}