{"id":7006,"date":"2019-12-10T10:44:49","date_gmt":"2019-12-10T09:44:49","guid":{"rendered":"https:\/\/www.barbiertom.be\/?post_type=product&#038;p=7006"},"modified":"2025-12-09T14:55:34","modified_gmt":"2025-12-09T13:55:34","slug":"dr-k-beard-tonic-cool-mint","status":"publish","type":"product","link":"http:\/\/www.barbiertom.be\/fr\/produit\/dr-k-beard-tonic-cool-mint\/","title":{"rendered":"Dr. K. Beard Tonic Menthe fra\u00eeche"},"content":{"rendered":"<p>Formul\u00e9e avec tous les ingr\u00e9dients naturels, cette huile de barbe nourrissante contient de l&#039;huile de noyau d&#039;abricot pour le conditionnement de la barbe tandis que l&#039;huile de jojoba et la vitamine E apaisent et revitalisent la barbe et la peau en dessous.<\/p>\n<p>Les ingr\u00e9dients comprennent:<br \/>\nHuile de noyau d&#039;abricot: Une huile naturelle tr\u00e8s douce. Press\u00e9e \u00e0 froid et raffin\u00e9e \u00e0 partir des noyaux s\u00e9ch\u00e9s du fruit d&#039;abricot, cette huile est connue pour sa capacit\u00e9 \u00e0 p\u00e9n\u00e9trer la peau sans laisser de sensation grasse. Riche en acides gras essentiels (ol\u00e9ique, linol\u00e9ique), cette huile est \u00e9galement riche en vitamines A et C. Ses excellentes propri\u00e9t\u00e9s adoucissantes et hydratantes sont excellentes pour le visage et les cheveux.<br \/>\nHuile de jojoba: Cette huile est obtenue \u00e0 partir de la plante de jojoba, qui est un arbuste vivace originaire du Mexique et de certaines parties des \u00c9tats-Unis (Arizona, Californie). Cette huile est largement utilis\u00e9e \u00e0 des fins de soin de la peau et des cheveux, principalement en raison de sa similitude avec celle du s\u00e9bum humain (naturellement s\u00e9cr\u00e9t\u00e9 par les glandes s\u00e9bac\u00e9es pr\u00e9sentes sous la surface de la peau).<\/p>\n<p>Avec une utilisation r\u00e9guli\u00e8re, cette huile hautement nourrissante laissera la barbe douce et saine. Tr\u00e8s bonne odeur aussi - gr\u00e2ce \u00e0 l&#039;ajout d&#039;un subtil m\u00e9lange d&#039;huiles essentielles de romarin, de menthe poivr\u00e9e et de lavande.<\/p>\n<p>Pour de meilleurs r\u00e9sultats, appliquez une petite quantit\u00e9 par jour, en massant sur toute la barbe et sur la peau en dessous.<\/p>\n<p>Sans colorants, parfums ou conservateurs artificiels.<\/p>\n<p>Fabriqu\u00e9 \u00e0 la main en Irlande selon les directives cosm\u00e9tiques strictes de l&#039;UE.<\/p>","protected":false},"excerpt":{"rendered":"<p>Formul\u00e9e avec tous les ingr\u00e9dients naturels, cette huile de barbe nourrissante contient de l&#039;huile de noyau d&#039;abricot pour le conditionnement de la barbe tandis que l&#039;huile de jojoba et la vitamine E apaisent et revitalisent la barbe et la peau en dessous.<\/p>","protected":false},"featured_media":6941,"template":"","meta":{"_exactmetrics_skip_tracking":false,"_exactmetrics_sitenote_active":false,"_exactmetrics_sitenote_note":"","_exactmetrics_sitenote_category":0},"product_brand":[],"product_cat":[302,303],"product_tag":[320,321],"class_list":{"0":"post-7006","1":"product","2":"type-product","3":"status-publish","4":"has-post-thumbnail","6":"product_cat-beard-care","7":"product_cat-mustache-care","8":"product_tag-balms","9":"product_tag-beards","10":"has-thumb","12":"first","13":"instock","14":"shipping-taxable","15":"purchasable","16":"product-type-simple"},"aioseo_notices":[],"_links":{"self":[{"href":"http:\/\/www.barbiertom.be\/fr\/wp-json\/wp\/v2\/product\/7006","targetHints":{"allow":["GET"]}}],"collection":[{"href":"http:\/\/www.barbiertom.be\/fr\/wp-json\/wp\/v2\/product"}],"about":[{"href":"http:\/\/www.barbiertom.be\/fr\/wp-json\/wp\/v2\/types\/product"}],"version-history":[{"count":1,"href":"http:\/\/www.barbiertom.be\/fr\/wp-json\/wp\/v2\/product\/7006\/revisions"}],"predecessor-version":[{"id":19360,"href":"http:\/\/www.barbiertom.be\/fr\/wp-json\/wp\/v2\/product\/7006\/revisions\/19360"}],"wp:featuredmedia":[{"embeddable":true,"href":"http:\/\/www.barbiertom.be\/fr\/wp-json\/wp\/v2\/media\/6941"}],"wp:attachment":[{"href":"http:\/\/www.barbiertom.be\/fr\/wp-json\/wp\/v2\/media?parent=7006"}],"wp:term":[{"taxonomy":"product_brand","embeddable":true,"href":"http:\/\/www.barbiertom.be\/fr\/wp-json\/wp\/v2\/product_brand?post=7006"},{"taxonomy":"product_cat","embeddable":true,"href":"http:\/\/www.barbiertom.be\/fr\/wp-json\/wp\/v2\/product_cat?post=7006"},{"taxonomy":"product_tag","embeddable":true,"href":"http:\/\/www.barbiertom.be\/fr\/wp-json\/wp\/v2\/product_tag?post=7006"}],"curies":[{"name":"wp","href":"https:\/\/api.w.org\/{rel}","templated":true}]}}